{"id":266,"date":"2019-07-25T20:15:15","date_gmt":"2019-07-25T20:15:15","guid":{"rendered":"http:\/\/tsarouchis.gr\/?page_id=266"},"modified":"2019-10-12T17:09:43","modified_gmt":"2019-10-12T14:09:43","slug":"archives","status":"publish","type":"page","link":"https:\/\/tsarouchis.gr\/fr\/archives\/","title":{"rendered":"ARCHIVES"},"content":{"rendered":"<div data-elementor-type=\"wp-post\" data-elementor-id=\"266\" class=\"elementor elementor-266\" data-elementor-post-type=\"page\">\n\t\t\t\t\t\t<section class=\"elementor-section elementor-top-section elementor-element elementor-element-197bacf elementor-section-boxed elementor-section-height-default elementor-section-height-default\" data-id=\"197bacf\" data-element_type=\"section\" data-settings=\"{&quot;background_background&quot;:&quot;classic&quot;,&quot;shape_divider_top&quot;:&quot;split&quot;,&quot;shape_divider_bottom&quot;:&quot;opacity-tilt&quot;}\">\n\t\t\t\t\t\t\t<div class=\"elementor-background-overlay\"><\/div>\n\t\t\t\t\t\t<div class=\"elementor-shape elementor-shape-top\" aria-hidden=\"true\" data-negative=\"false\">\n\t\t\t<svg xmlns=\"http:\/\/www.w3.org\/2000\/svg\" viewbox=\"0 0 1000 20\" preserveaspectratio=\"none\">\n\t<path class=\"elementor-shape-fill\" d=\"M0,0v3c0,0,393.8,0,483.4,0c9.2,0,16.6,7.4,16.6,16.6c0-9.1,7.4-16.6,16.6-16.6C606.2,3,1000,3,1000,3V0H0z\"\/>\n<\/svg>\t\t<\/div>\n\t\t\t\t<div class=\"elementor-shape elementor-shape-bottom\" aria-hidden=\"true\" data-negative=\"false\">\n\t\t\t<svg xmlns=\"http:\/\/www.w3.org\/2000\/svg\" viewbox=\"0 0 2600 131.1\" preserveaspectratio=\"none\">\n\t<path class=\"elementor-shape-fill\" d=\"M0 0L2600 0 2600 69.1 0 0z\"\/>\n\t<path class=\"elementor-shape-fill\" style=\"opacity:0.5\" d=\"M0 0L2600 0 2600 69.1 0 69.1z\"\/>\n\t<path class=\"elementor-shape-fill\" style=\"opacity:0.25\" d=\"M2600 0L0 0 0 130.1 2600 69.1z\"\/>\n<\/svg>\t\t<\/div>\n\t\t\t\t\t<div class=\"elementor-container elementor-column-gap-default\">\n\t\t\t\t\t<div class=\"elementor-column elementor-col-100 elementor-top-column elementor-element elementor-element-621e9f6\" data-id=\"621e9f6\" data-element_type=\"column\">\n\t\t\t<div class=\"elementor-widget-wrap elementor-element-populated\">\n\t\t\t\t\t\t<div class=\"elementor-element elementor-element-736b7bd elementor-widget elementor-widget-heading\" data-id=\"736b7bd\" data-element_type=\"widget\" data-widget_type=\"heading.default\">\n\t\t\t\t<div class=\"elementor-widget-container\">\n\t\t\t\t\t<h1 class=\"elementor-heading-title elementor-size-default\">Archives<\/h1>\t\t\t\t<\/div>\n\t\t\t\t<\/div>\n\t\t\t\t<div class=\"elementor-element elementor-element-07f4904 elementor-widget elementor-widget-text-editor\" data-id=\"07f4904\" data-element_type=\"widget\" data-widget_type=\"text-editor.default\">\n\t\t\t\t<div class=\"elementor-widget-container\">\n\t\t\t\t\t\t\t\t\t<p>Les archives de Yannis Tsarouchis font partie int\u00e9grante de son \u0153uvre\ncr\u00e9atrice. Constitu\u00e9es par l'artiste lui-m\u00eame tout au long de sa vie, elles\ncomportent une documentation importante sur sa vie et, surtout, sur son\n\u00e9volution artistique. En 1989, date du d\u00e9c\u00e8s de Yannis Tsarouchis, la\nFondation est entr\u00e9e en possession de ces archives que l'artiste, non\nseulement avait r\u00e9unies avec un soin minutieux, mais avait commenc\u00e9\n\n\u00e0 classer et dont on peut par cons\u00e9quent consid\u00e9rer qu'elles lui sont\nparvenues dans leur quasi-totalit\u00e9.<\/p><p>Les archives de la Fondation se composent des unit\u00e9s th\u00e9matiques\nsuivantes :<\/p>\t\t\t\t\t\t\t\t<\/div>\n\t\t\t\t<\/div>\n\t\t\t\t<div class=\"elementor-element elementor-element-6904cb9 elementor-widget elementor-widget-heading\" data-id=\"6904cb9\" data-element_type=\"widget\" data-widget_type=\"heading.default\">\n\t\t\t\t<div class=\"elementor-widget-container\">\n\t\t\t\t\t<h1 class=\"elementor-heading-title elementor-size-default\">I. Donn\u00e9es personnelles et biographiques<\/h1>\t\t\t\t<\/div>\n\t\t\t\t<\/div>\n\t\t\t\t<div class=\"elementor-element elementor-element-fea39eb elementor-widget elementor-widget-text-editor\" data-id=\"fea39eb\" data-element_type=\"widget\" data-widget_type=\"text-editor.default\">\n\t\t\t\t<div class=\"elementor-widget-container\">\n\t\t\t\t\t\t\t\t\t<p>Cette unit\u00e9 comprend tous les documents relatifs aux \u00e9tudes de l'artiste,\n\u00e0 son service militaire, \u00e0 sa situation et \u00e0 ses affaires personnelles, ainsi\nqu'\u00e0 sa vie en g\u00e9n\u00e9ral.<\/p>\t\t\t\t\t\t\t\t<\/div>\n\t\t\t\t<\/div>\n\t\t\t\t<div class=\"elementor-element elementor-element-11d3ca9 elementor-widget elementor-widget-heading\" data-id=\"11d3ca9\" data-element_type=\"widget\" data-widget_type=\"heading.default\">\n\t\t\t\t<div class=\"elementor-widget-container\">\n\t\t\t\t\t<h1 class=\"elementor-heading-title elementor-size-default\">II. Oeuvre cr\u00e9atrice<\/h1>\t\t\t\t<\/div>\n\t\t\t\t<\/div>\n\t\t\t\t<div class=\"elementor-element elementor-element-aa9815e elementor-widget elementor-widget-text-editor\" data-id=\"aa9815e\" data-element_type=\"widget\" data-widget_type=\"text-editor.default\">\n\t\t\t\t<div class=\"elementor-widget-container\">\n\t\t\t\t\t\t\t\t\t<p><strong>a. Peinture<\/strong> <br \/>Documents t\u00e9moignant de l'\u00e9volution de son travail, depuis ses ann\u00e9es\nde jeunesse jusqu'\u00e0 son d\u00e9c\u00e8s, documentation, participation \u00e0 des\nexpositions, ventes d'\u0153uvres, commandes, invitations, etc.<\/p><p><strong>b. Th\u00e9\u00e2tre - Danse - Cin\u00e9ma<\/strong><br \/>Documents relatifs aux d\u00e9cors et aux costumes qu'il a cr\u00e9\u00e9s pour la sc\u00e8ne\nou l'\u00e9cran : \u0153uvres lyriques, trag\u00e9dies, danse et cin\u00e9ma. Programmes,\nphotographies, contrats, critiques, correspondance sur ce th\u00e8me,\ninvitations, etc.<\/p><p><strong>c. \u00c9criture<\/strong> <br \/>Tout ce que Yannis Tsarouchis a \u00e9crit, \u00e9ditions et textes in\u00e9dits.<\/p>\t\t\t\t\t\t\t\t<\/div>\n\t\t\t\t<\/div>\n\t\t\t\t<div class=\"elementor-element elementor-element-b80efb4 elementor-widget elementor-widget-heading\" data-id=\"b80efb4\" data-element_type=\"widget\" data-widget_type=\"heading.default\">\n\t\t\t\t<div class=\"elementor-widget-container\">\n\t\t\t\t\t<h1 class=\"elementor-heading-title elementor-size-default\">III. Enseignement<\/h1>\t\t\t\t<\/div>\n\t\t\t\t<\/div>\n\t\t\t\t<div class=\"elementor-element elementor-element-30e5e20 elementor-widget elementor-widget-text-editor\" data-id=\"30e5e20\" data-element_type=\"widget\" data-widget_type=\"text-editor.default\">\n\t\t\t\t<div class=\"elementor-widget-container\">\n\t\t\t\t\t\t\t\t\t<p>Notes prises par l'artiste, progr\u00e8s des \u00e9l\u00e8ves et tout ce qui se rapporte\nce qui se rapporte \u00e0 son enseignement au Centre Ionien de Chio.<\/p>\t\t\t\t\t\t\t\t<\/div>\n\t\t\t\t<\/div>\n\t\t\t\t<div class=\"elementor-element elementor-element-2542dd4 elementor-widget elementor-widget-heading\" data-id=\"2542dd4\" data-element_type=\"widget\" data-widget_type=\"heading.default\">\n\t\t\t\t<div class=\"elementor-widget-container\">\n\t\t\t\t\t<h1 class=\"elementor-heading-title elementor-size-default\">IV. Histoire du costume<\/h1>\t\t\t\t<\/div>\n\t\t\t\t<\/div>\n\t\t\t\t<div class=\"elementor-element elementor-element-7b27b5e elementor-widget elementor-widget-text-editor\" data-id=\"7b27b5e\" data-element_type=\"widget\" data-widget_type=\"text-editor.default\">\n\t\t\t\t<div class=\"elementor-widget-container\">\n\t\t\t\t\t\t\t\t\t<p>Donn\u00e9es historiques sur l'\u00e9tude du costume \u00e0 diff\u00e9rentes \u00e9poques\net en diff\u00e9rents lieux.<\/p>\t\t\t\t\t\t\t\t<\/div>\n\t\t\t\t<\/div>\n\t\t\t\t<div class=\"elementor-element elementor-element-5de5b9e elementor-widget elementor-widget-heading\" data-id=\"5de5b9e\" data-element_type=\"widget\" data-widget_type=\"heading.default\">\n\t\t\t\t<div class=\"elementor-widget-container\">\n\t\t\t\t\t<h1 class=\"elementor-heading-title elementor-size-default\">V. Correspondance<\/h1>\t\t\t\t<\/div>\n\t\t\t\t<\/div>\n\t\t\t\t<div class=\"elementor-element elementor-element-6b741d5 elementor-widget elementor-widget-text-editor\" data-id=\"6b741d5\" data-element_type=\"widget\" data-widget_type=\"text-editor.default\">\n\t\t\t\t<div class=\"elementor-widget-container\">\n\t\t\t\t\t\t\t\t\t<p>Correspondance avec des Grecs et des \u00e9trangers avec qui Yannis Tsarouchis\nentretenait des relations amicales ou professionnelles, comme Lila De Nobili,\nT\u00e9riade (Stratis Elefth\u00e9riadis), Claude Bernard, Yannis Moralis, Manos\nHatzidakis, Alexis Minotis, Franco Zefirelli, ainsi que de nombreux autres\nmembres de la soci\u00e9t\u00e9 ath\u00e9nienne de son temps.<\/p>\t\t\t\t\t\t\t\t<\/div>\n\t\t\t\t<\/div>\n\t\t\t\t<div class=\"elementor-element elementor-element-a17cecc elementor-widget elementor-widget-heading\" data-id=\"a17cecc\" data-element_type=\"widget\" data-widget_type=\"heading.default\">\n\t\t\t\t<div class=\"elementor-widget-container\">\n\t\t\t\t\t<h1 class=\"elementor-heading-title elementor-size-default\">VI. Archives photographiques<\/h1>\t\t\t\t<\/div>\n\t\t\t\t<\/div>\n\t\t\t\t<div class=\"elementor-element elementor-element-37dbcc1 elementor-widget elementor-widget-text-editor\" data-id=\"37dbcc1\" data-element_type=\"widget\" data-widget_type=\"text-editor.default\">\n\t\t\t\t<div class=\"elementor-widget-container\">\n\t\t\t\t\t\t\t\t\t<p>Photos personnelles, photos de mod\u00e8les pour l'\u00e9tude de ses \u0153uvres,\nphotos de b\u00e2timents n\u00e9oclassiques, etc.<\/p><p><strong>Depuis la cr\u00e9ation de la Fondation, ces archives se sont enrichies gr\u00e2ce\n\u00e0 d'importantes donations et \u00e0 un travail.de recherche qui se poursuit\naujourd'hui encore.<\/strong><\/p>\t\t\t\t\t\t\t\t<\/div>\n\t\t\t\t<\/div>\n\t\t\t\t\t<\/div>\n\t\t<\/div>\n\t\t\t\t\t<\/div>\n\t\t<\/section>\n\t\t\t\t<\/div>","protected":false},"excerpt":{"rendered":"<p>Archives Yannis Tsarouchis\u2019s archive is an integral part of his overall oeuvre. It was formed by the artist himself throughout his lifetime and contains documents relating to his personal life and also to his development as an artist. After his death in 1989, the archive came into the ownership of the Foundation. It may be &#8230; <a title=\"ARCHIVES\" class=\"read-more\" href=\"https:\/\/tsarouchis.gr\/fr\/archives\/\" aria-label=\"En savoir plus sur ARCHIVES\">Lire la suite<\/a><\/p>","protected":false},"author":1,"featured_media":0,"parent":0,"menu_order":14,"comment_status":"closed","ping_status":"closed","template":"","meta":{"footnotes":""},"yst_prominent_words":[231,233,235,238,236,242,241,232,228,55,239,240,230,177,229,237,234,243,65,62],"class_list":["post-266","page","type-page","status-publish"],"yoast_head":"<!-- This site is optimized with the Yoast SEO Premium plugin v14.1 - https:\/\/yoast.com\/wordpress\/plugins\/seo\/ -->\n<title>ARCHIVES - Yannis Tsarouchis Foundation<\/title>\n<meta name=\"robots\" content=\"index, follow\" \/>\n<meta name=\"googlebot\" content=\"index, follow, max-snippet:-1, max-image-preview:large, max-video-preview:-1\" \/>\n<meta name=\"bingbot\" content=\"index, follow, max-snippet:-1, max-image-preview:large, max-video-preview:-1\" \/>\n<link rel=\"canonical\" href=\"https:\/\/tsarouchis.gr\/fr\/archives\/\" \/>\n<meta property=\"og:locale\" content=\"fr_FR\" \/>\n<meta property=\"og:type\" content=\"article\" \/>\n<meta property=\"og:title\" content=\"ARCHIVES - Yannis Tsarouchis Foundation\" \/>\n<meta property=\"og:description\" content=\"Archives Yannis Tsarouchis\u2019s archive is an integral part of his overall oeuvre. It was formed by the artist himself throughout his lifetime and contains documents relating to his personal life and also to his development as an artist. After his death in 1989, the archive came into the ownership of the Foundation. It may be ... Lire la suite\" \/>\n<meta property=\"og:url\" content=\"https:\/\/tsarouchis.gr\/fr\/archives\/\" \/>\n<meta property=\"og:site_name\" content=\"Yannis Tsarouchis Foundation\" \/>\n<meta property=\"article:publisher\" content=\"https:\/\/www.facebook.com\/YannisTsarouchisFoundation\/\" \/>\n<meta property=\"article:modified_time\" content=\"2019-10-12T14:09:43+00:00\" \/>\n<meta property=\"og:image\" content=\"https:\/\/tsarouchis.gr\/wp-content\/uploads\/2019\/07\/it_685.jpg\" \/>\n\t<meta property=\"og:image:width\" content=\"318\" \/>\n\t<meta property=\"og:image:height\" content=\"445\" \/>\n<meta name=\"twitter:card\" content=\"summary_large_image\" \/>\n<script type=\"application\/ld+json\" class=\"yoast-schema-graph\">{\"@context\":\"https:\/\/schema.org\",\"@graph\":[{\"@type\":\"Organization\",\"@id\":\"https:\/\/tsarouchis.gr\/fr\/#organization\",\"name\":\"Yannis Tsarouchis Foundation\",\"url\":\"https:\/\/tsarouchis.gr\/fr\/\",\"sameAs\":[\"https:\/\/www.facebook.com\/YannisTsarouchisFoundation\/\",\"https:\/\/en.wikipedia.org\/wiki\/Yannis_Tsarouchis\"],\"logo\":{\"@type\":\"ImageObject\",\"@id\":\"https:\/\/tsarouchis.gr\/fr\/#logo\",\"inLanguage\":\"fr-FR\",\"url\":\"https:\/\/tsarouchis.gr\/wp-content\/uploads\/2019\/07\/LogoW_Large.png\",\"width\":290,\"height\":285,\"caption\":\"Yannis Tsarouchis Foundation\"},\"image\":{\"@id\":\"https:\/\/tsarouchis.gr\/fr\/#logo\"}},{\"@type\":\"WebSite\",\"@id\":\"https:\/\/tsarouchis.gr\/fr\/#website\",\"url\":\"https:\/\/tsarouchis.gr\/fr\/\",\"name\":\"Yannis Tsarouchis Foundation\",\"description\":\"Official web site of Tsarouchis foundation. Museum - Exhibitions - Shop - Information\",\"publisher\":{\"@id\":\"https:\/\/tsarouchis.gr\/fr\/#organization\"},\"potentialAction\":[{\"@type\":\"SearchAction\",\"target\":\"https:\/\/tsarouchis.gr\/fr\/?s={search_term_string}\",\"query-input\":\"required name=search_term_string\"}],\"inLanguage\":\"fr-FR\"},{\"@type\":\"WebPage\",\"@id\":\"https:\/\/tsarouchis.gr\/en\/archives\/#webpage\",\"url\":\"https:\/\/tsarouchis.gr\/en\/archives\/\",\"name\":\"ARCHIVES - Yannis Tsarouchis Foundation\",\"isPartOf\":{\"@id\":\"https:\/\/tsarouchis.gr\/fr\/#website\"},\"datePublished\":\"2019-07-25T20:15:15+00:00\",\"dateModified\":\"2019-10-12T14:09:43+00:00\",\"inLanguage\":\"fr-FR\",\"potentialAction\":[{\"@type\":\"ReadAction\",\"target\":[\"https:\/\/tsarouchis.gr\/en\/archives\/\"]}]}]}<\/script>\n<!-- \/ Yoast SEO Premium plugin. -->","_links":{"self":[{"href":"https:\/\/tsarouchis.gr\/fr\/wp-json\/wp\/v2\/pages\/266","targetHints":{"allow":["GET"]}}],"collection":[{"href":"https:\/\/tsarouchis.gr\/fr\/wp-json\/wp\/v2\/pages"}],"about":[{"href":"https:\/\/tsarouchis.gr\/fr\/wp-json\/wp\/v2\/types\/page"}],"author":[{"embeddable":true,"href":"https:\/\/tsarouchis.gr\/fr\/wp-json\/wp\/v2\/users\/1"}],"replies":[{"embeddable":true,"href":"https:\/\/tsarouchis.gr\/fr\/wp-json\/wp\/v2\/comments?post=266"}],"version-history":[{"count":15,"href":"https:\/\/tsarouchis.gr\/fr\/wp-json\/wp\/v2\/pages\/266\/revisions"}],"predecessor-version":[{"id":1609,"href":"https:\/\/tsarouchis.gr\/fr\/wp-json\/wp\/v2\/pages\/266\/revisions\/1609"}],"wp:attachment":[{"href":"https:\/\/tsarouchis.gr\/fr\/wp-json\/wp\/v2\/media?parent=266"}],"wp:term":[{"taxonomy":"yst_prominent_words","embeddable":true,"href":"https:\/\/tsarouchis.gr\/fr\/wp-json\/wp\/v2\/yst_prominent_words?post=266"}],"curies":[{"name":"wp","href":"https:\/\/api.w.org\/{rel}","templated":true}]}}