{"id":262,"date":"2019-07-25T20:14:16","date_gmt":"2019-07-25T20:14:16","guid":{"rendered":"http:\/\/tsarouchis.gr\/?page_id=262"},"modified":"2021-01-03T03:26:06","modified_gmt":"2021-01-03T00:26:06","slug":"works-by-yannis-tsarouchis","status":"publish","type":"page","link":"https:\/\/tsarouchis.gr\/fr\/works-by-yannis-tsarouchis\/","title":{"rendered":"OEUVRES DE YANNIS TSAROUCHIS"},"content":{"rendered":"<div data-elementor-type=\"wp-post\" data-elementor-id=\"262\" class=\"elementor elementor-262\" data-elementor-post-type=\"page\">\n\t\t\t\t\t\t<section class=\"elementor-section elementor-top-section elementor-element elementor-element-b52c89e elementor-section-full_width elementor-section-height-default elementor-section-height-default\" data-id=\"b52c89e\" data-element_type=\"section\" data-settings=\"{&quot;background_background&quot;:&quot;classic&quot;}\">\n\t\t\t\t\t\t<div class=\"elementor-container elementor-column-gap-default\">\n\t\t\t\t\t<div class=\"elementor-column elementor-col-100 elementor-top-column elementor-element elementor-element-80f06f7\" data-id=\"80f06f7\" data-element_type=\"column\">\n\t\t\t<div class=\"elementor-widget-wrap elementor-element-populated\">\n\t\t\t\t\t\t<div class=\"elementor-element elementor-element-d6ae408 elementor-hidden-phone elementor-widget elementor-widget-heading\" data-id=\"d6ae408\" data-element_type=\"widget\" data-widget_type=\"heading.default\">\n\t\t\t\t<div class=\"elementor-widget-container\">\n\t\t\t\t\t<h1 class=\"elementor-heading-title elementor-size-default\">La Collection De La Fondation<\/h1>\t\t\t\t<\/div>\n\t\t\t\t<\/div>\n\t\t\t\t<div class=\"elementor-element elementor-element-9704f7e elementor-widget elementor-widget-heading\" data-id=\"9704f7e\" data-element_type=\"widget\" data-widget_type=\"heading.default\">\n\t\t\t\t<div class=\"elementor-widget-container\">\n\t\t\t\t\t<h1 class=\"elementor-heading-title elementor-size-default\">Oeuvres De Yannis Tsarouchis<\/h1>\t\t\t\t<\/div>\n\t\t\t\t<\/div>\n\t\t\t\t<div class=\"elementor-element elementor-element-ffba1d3 elementor-widget-divider--view-line elementor-widget elementor-widget-divider\" data-id=\"ffba1d3\" data-element_type=\"widget\" data-widget_type=\"divider.default\">\n\t\t\t\t<div class=\"elementor-widget-container\">\n\t\t\t\t\t\t\t<div class=\"elementor-divider\">\n\t\t\t<span class=\"elementor-divider-separator\">\n\t\t\t\t\t\t<\/span>\n\t\t<\/div>\n\t\t\t\t\t\t<\/div>\n\t\t\t\t<\/div>\n\t\t\t\t\t<\/div>\n\t\t<\/div>\n\t\t\t\t\t<\/div>\n\t\t<\/section>\n\t\t\t\t<section class=\"elementor-section elementor-top-section elementor-element elementor-element-d00cdf8 elementor-section-boxed elementor-section-height-default elementor-section-height-default\" data-id=\"d00cdf8\" data-element_type=\"section\" data-settings=\"{&quot;background_background&quot;:&quot;classic&quot;}\">\n\t\t\t\t\t\t<div class=\"elementor-container elementor-column-gap-default\">\n\t\t\t\t\t<div class=\"elementor-column elementor-col-100 elementor-top-column elementor-element elementor-element-c02f34d\" data-id=\"c02f34d\" data-element_type=\"column\">\n\t\t\t<div class=\"elementor-widget-wrap elementor-element-populated\">\n\t\t\t\t\t\t<div class=\"elementor-element elementor-element-49407df elementor-widget elementor-widget-text-editor\" data-id=\"49407df\" data-element_type=\"widget\" data-widget_type=\"text-editor.default\">\n\t\t\t\t<div class=\"elementor-widget-container\">\n\t\t\t\t\t\t\t\t\t<p>\u00a0\u00a0\u00a0 Yannis Tsarouchis avait commenc\u00e9 \u00e0 rassembler syst\u00e9matiquement ses \u0153uvres\nbien avant que se fasse jour l'id\u00e9e d'une fondation. Il est int\u00e9ressant de noter\nqu'une partie importante de la collection de la Fondation, \u00e0 savoir les \u0153uvres\ndes ann\u00e9es 1937-1938, est constitu\u00e9e par des oeuvres qui n'avaient pas \u00e9t\u00e9\nvendues lors de la premi\u00e8re exposition individuelle qu'il pr\u00e9senta \u00e0 Ath\u00e8nes,\nParis et Londres, et qu'il refusa par la suite de vendre, bien qu'on le lui ait\ndemand\u00e9 \u00e0 plusieurs reprises.<\/p><p>\u00a0\u00a0\u00a0 Exception faite des ann\u00e9es 50 - \u00e9poque \u00e0 laquelle Yannis Tsarouchis avait sign\u00e9\nun contrat de vente de l'ensemble de ses \u0153uvres \u00e0 Alexandros Iolas, de sorte\nqu'il ne conserva que quelques \u00e9chantillons du travail r\u00e9alis\u00e9 pendant ces\nann\u00e9es -, les \u0153uvres qui se trouvent aujourd'hui en la possession de la\nFondation couvrent presque toutes les p\u00e9riodes de cr\u00e9ation de l'artiste.\n\nElles permettent donc de suivre pas \u00e0 pas le parcours artistique de Yannis\nTsarouchis : ses qu\u00eates, ses orientations et les diff\u00e9rents proc\u00e9d\u00e9s pour lesquels\nil opta et qui, associ\u00e9es aux multiples facettes de son interpr\u00e9tation esth\u00e9tique,\nconf\u00e8rent \u00e0 ses \u0153uvres ce caract\u00e8re particulier et unique, tant du point de vue\ndu choix des th\u00e8mes trait\u00e9s que du point de vue de leur approche et de leur\nrepr\u00e9sentation.<\/p><p>\u00a0\u00a0\u00a0 Constitu\u00e9e gr\u00e2ce \u00e0 deux donations (1981, 1987) et \u00e0 un legs (1989) de l'artiste \u00e0\nla Fondation et Mus\u00e9e qui portent son nom et qu'abrite sa maison \u00e0 Maroussi, la\ncollection de la Fondation Y. Tsarouchis comprend tableaux, dessins, \u00e9bauches et\nmaquettes sc\u00e9nographiques. Le caract\u00e8re tr\u00e8s complet de la collection de la\nFondation permet d'entrevoir le processus cr\u00e9atif m\u00eame de l'artiste et r\u00e9v\u00e8le que\nle ressort profond de sa cr\u00e9ativit\u00e9 et de son pluralisme artistique r\u00e9side dans une\noscillation esth\u00e9tique permanente entre deux r\u00e9alit\u00e9s culturelles, dans la double\nattirance du peintre pour l'Orient et pour l'Occident.<\/p><p>\u00a0\u00a0\u00a0 Les \u0153uvres de la Fondation couvrent en outre l'ensemble des th\u00e8mes trait\u00e9s\n\npar Yannis Tsarouchis - m\u00eame si elles ne les illustrent pas tous aussi richement,\nlesquels ont \u00e9t\u00e9 r\u00e9partis en unit\u00e9s th\u00e9matiques plus circonscrites :\n\nmois et \u00e9poques de l'ann\u00e9e, ze\u00efbekika, paysages imaginaires et r\u00e9els, caf\u00e9s,\ndanses, portraits, marins, personnages \u00e0 ailes de papillon, cyclistes, fleurs et\nnatures mortes, sacrifices d'Iphig\u00e9nie, etc. Les expositions p\u00e9riodiques organi-\ns\u00e9es \u00e0 la Fondation et leurs intitul\u00e9s s'appuient d'ailleurs souvent sur les m\u00eames\nunit\u00e9s th\u00e9matiques.<\/p>\t\t\t\t\t\t\t\t<\/div>\n\t\t\t\t<\/div>\n\t\t\t\t\t<\/div>\n\t\t<\/div>\n\t\t\t\t\t<\/div>\n\t\t<\/section>\n\t\t\t\t<section class=\"elementor-section elementor-top-section elementor-element elementor-element-a80ae38 elementor-section-boxed elementor-section-height-default elementor-section-height-default\" data-id=\"a80ae38\" data-element_type=\"section\" data-settings=\"{&quot;background_background&quot;:&quot;classic&quot;}\">\n\t\t\t\t\t\t<div class=\"elementor-container elementor-column-gap-default\">\n\t\t\t\t\t<div class=\"elementor-column elementor-col-100 elementor-top-column elementor-element elementor-element-a842340\" data-id=\"a842340\" data-element_type=\"column\">\n\t\t\t<div class=\"elementor-widget-wrap elementor-element-populated\">\n\t\t\t\t\t\t<div class=\"elementor-element elementor-element-40080c4 elementor-widget-divider--view-line elementor-widget elementor-widget-divider\" data-id=\"40080c4\" data-element_type=\"widget\" data-widget_type=\"divider.default\">\n\t\t\t\t<div class=\"elementor-widget-container\">\n\t\t\t\t\t\t\t<div class=\"elementor-divider\">\n\t\t\t<span class=\"elementor-divider-separator\">\n\t\t\t\t\t\t<\/span>\n\t\t<\/div>\n\t\t\t\t\t\t<\/div>\n\t\t\t\t<\/div>\n\t\t\t\t\t<\/div>\n\t\t<\/div>\n\t\t\t\t\t<\/div>\n\t\t<\/section>\n\t\t\t\t<section class=\"elementor-section elementor-top-section elementor-element elementor-element-06aa597 elementor-section-boxed elementor-section-height-default elementor-section-height-default\" data-id=\"06aa597\" data-element_type=\"section\" data-settings=\"{&quot;background_background&quot;:&quot;classic&quot;}\">\n\t\t\t\t\t\t<div class=\"elementor-container elementor-column-gap-default\">\n\t\t\t\t\t<div class=\"elementor-column elementor-col-33 elementor-top-column elementor-element elementor-element-7a1c390\" data-id=\"7a1c390\" data-element_type=\"column\">\n\t\t\t<div class=\"elementor-widget-wrap elementor-element-populated\">\n\t\t\t\t\t\t<div class=\"elementor-element elementor-element-86adbf7 elementor-align-center elementor-widget elementor-widget-button\" data-id=\"86adbf7\" data-element_type=\"widget\" data-widget_type=\"button.default\">\n\t\t\t\t<div class=\"elementor-widget-container\">\n\t\t\t\t\t\t\t\t\t<div class=\"elementor-button-wrapper\">\n\t\t\t\t\t<a class=\"elementor-button elementor-button-link elementor-size-sm\" href=\"https:\/\/tsarouchis.gr\/fr\/works-by-yannis-tsarouchis\/paintings\/\">\n\t\t\t\t\t\t<span class=\"elementor-button-content-wrapper\">\n\t\t\t\t\t\t<span class=\"elementor-button-icon\">\n\t\t\t\t<i aria-hidden=\"true\" class=\"fas fa-arrow-right\"><\/i>\t\t\t<\/span>\n\t\t\t\t\t\t\t\t\t<span class=\"elementor-button-text\">Tableaux<\/span>\n\t\t\t\t\t<\/span>\n\t\t\t\t\t<\/a>\n\t\t\t\t<\/div>\n\t\t\t\t\t\t\t\t<\/div>\n\t\t\t\t<\/div>\n\t\t\t\t\t<\/div>\n\t\t<\/div>\n\t\t\t\t<div class=\"elementor-column elementor-col-33 elementor-top-column elementor-element elementor-element-ff3885e\" data-id=\"ff3885e\" data-element_type=\"column\">\n\t\t\t<div class=\"elementor-widget-wrap elementor-element-populated\">\n\t\t\t\t\t\t<div class=\"elementor-element elementor-element-1ba7528 elementor-align-center elementor-widget elementor-widget-button\" data-id=\"1ba7528\" data-element_type=\"widget\" data-widget_type=\"button.default\">\n\t\t\t\t<div class=\"elementor-widget-container\">\n\t\t\t\t\t\t\t\t\t<div class=\"elementor-button-wrapper\">\n\t\t\t\t\t<a class=\"elementor-button elementor-button-link elementor-size-sm\" href=\"https:\/\/tsarouchis.gr\/fr\/works-by-yannis-tsarouchis\/drawings\/\">\n\t\t\t\t\t\t<span class=\"elementor-button-content-wrapper\">\n\t\t\t\t\t\t<span class=\"elementor-button-icon\">\n\t\t\t\t<i aria-hidden=\"true\" class=\"fas fa-arrow-right\"><\/i>\t\t\t<\/span>\n\t\t\t\t\t\t\t\t\t<span class=\"elementor-button-text\">Dessins<\/span>\n\t\t\t\t\t<\/span>\n\t\t\t\t\t<\/a>\n\t\t\t\t<\/div>\n\t\t\t\t\t\t\t\t<\/div>\n\t\t\t\t<\/div>\n\t\t\t\t\t<\/div>\n\t\t<\/div>\n\t\t\t\t<div class=\"elementor-column elementor-col-33 elementor-top-column elementor-element elementor-element-04e8473\" data-id=\"04e8473\" data-element_type=\"column\">\n\t\t\t<div class=\"elementor-widget-wrap elementor-element-populated\">\n\t\t\t\t\t\t<div class=\"elementor-element elementor-element-653820d elementor-align-center elementor-widget elementor-widget-button\" data-id=\"653820d\" data-element_type=\"widget\" data-widget_type=\"button.default\">\n\t\t\t\t<div class=\"elementor-widget-container\">\n\t\t\t\t\t\t\t\t\t<div class=\"elementor-button-wrapper\">\n\t\t\t\t\t<a class=\"elementor-button elementor-button-link elementor-size-sm\" href=\"https:\/\/tsarouchis.gr\/fr\/works-by-yannis-tsarouchis\/stage-designs\/\">\n\t\t\t\t\t\t<span class=\"elementor-button-content-wrapper\">\n\t\t\t\t\t\t<span class=\"elementor-button-icon\">\n\t\t\t\t<i aria-hidden=\"true\" class=\"fas fa-arrow-right\"><\/i>\t\t\t<\/span>\n\t\t\t\t\t\t\t\t\t<span class=\"elementor-button-text\">d\u00e9cors<\/span>\n\t\t\t\t\t<\/span>\n\t\t\t\t\t<\/a>\n\t\t\t\t<\/div>\n\t\t\t\t\t\t\t\t<\/div>\n\t\t\t\t<\/div>\n\t\t\t\t\t<\/div>\n\t\t<\/div>\n\t\t\t\t\t<\/div>\n\t\t<\/section>\n\t\t\t\t<section class=\"elementor-section elementor-top-section elementor-element elementor-element-a55e187 elementor-section-boxed elementor-section-height-default elementor-section-height-default\" data-id=\"a55e187\" data-element_type=\"section\">\n\t\t\t\t\t\t<div class=\"elementor-container elementor-column-gap-default\">\n\t\t\t\t\t<div class=\"elementor-column elementor-col-100 elementor-top-column elementor-element elementor-element-0d37b78\" data-id=\"0d37b78\" data-element_type=\"column\">\n\t\t\t<div class=\"elementor-widget-wrap elementor-element-populated\">\n\t\t\t\t\t\t<div class=\"elementor-element elementor-element-4e7c71c elementor-widget elementor-widget-spacer\" data-id=\"4e7c71c\" data-element_type=\"widget\" data-widget_type=\"spacer.default\">\n\t\t\t\t<div class=\"elementor-widget-container\">\n\t\t\t\t\t\t\t<div class=\"elementor-spacer\">\n\t\t\t<div class=\"elementor-spacer-inner\"><\/div>\n\t\t<\/div>\n\t\t\t\t\t\t<\/div>\n\t\t\t\t<\/div>\n\t\t\t\t\t<\/div>\n\t\t<\/div>\n\t\t\t\t\t<\/div>\n\t\t<\/section>\n\t\t\t\t<section class=\"elementor-section elementor-top-section elementor-element elementor-element-1035c330 elementor-section-boxed elementor-section-height-default elementor-section-height-default\" data-id=\"1035c330\" data-element_type=\"section\" data-settings=\"{&quot;background_background&quot;:&quot;classic&quot;}\">\n\t\t\t\t\t\t<div class=\"elementor-container elementor-column-gap-default\">\n\t\t\t\t\t<div class=\"elementor-column elementor-col-100 elementor-top-column elementor-element elementor-element-6ccf5644\" data-id=\"6ccf5644\" data-element_type=\"column\">\n\t\t\t<div class=\"elementor-widget-wrap elementor-element-populated\">\n\t\t\t\t\t\t<div class=\"elementor-element elementor-element-30507e8f elementor-cta--layout-image-left elementor-cta--mobile-layout-image-above elementor-cta--skin-classic elementor-animated-content elementor-bg-transform elementor-bg-transform-zoom-in elementor-widget elementor-widget-call-to-action\" data-id=\"30507e8f\" data-element_type=\"widget\" data-widget_type=\"call-to-action.default\">\n\t\t\t\t<div class=\"elementor-widget-container\">\n\t\t\t\t\t\t\t<a class=\"elementor-cta\" href=\"https:\/\/tsarouchis.gr\/fr\/des-jalons-dune-vie\/\">\n\t\t\t\t\t\t\t<div class=\"elementor-cta__content\">\n\t\t\t\t\n\t\t\t\t\t\t\t\t\t<h2 class=\"elementor-cta__title elementor-cta__content-item elementor-content-item\">\n\t\t\t\t\t\tvoir \u00e9galement\t\t\t\t\t<\/h2>\n\t\t\t\t\n\t\t\t\t\t\t\t\t\t<div class=\"elementor-cta__description elementor-cta__content-item elementor-content-item\">\n\t\t\t\t\t\tLes Jalons D'une Vie\t\t\t\t\t<\/div>\n\t\t\t\t\n\t\t\t\t\t\t\t\t\t<div class=\"elementor-cta__button-wrapper elementor-cta__content-item elementor-content-item\">\n\t\t\t\t\t<span class=\"elementor-cta__button elementor-button elementor-size-\">\n\t\t\t\t\t\tCliquez ici\t\t\t\t\t<\/span>\n\t\t\t\t\t<\/div>\n\t\t\t\t\t\t\t<\/div>\n\t\t\t\t\t\t<\/a>\n\t\t\t\t\t\t<\/div>\n\t\t\t\t<\/div>\n\t\t\t\t\t<\/div>\n\t\t<\/div>\n\t\t\t\t\t<\/div>\n\t\t<\/section>\n\t\t\t\t<\/div>","protected":false},"excerpt":{"rendered":"<p>The Foundation Collection Works by Yannis Tsarouchis \u00a0\u00a0\u00a0 The collection owned by the Y. Tsarouchis Foundation was formed by two donations (1981-1987) and a bequest (1989) by the artist to the Foundation-Museum that bears his name, which is accommodated in his house at Maroussi. Yannis Tsarouchis began systematically to assemble his paintings long before he &#8230; <a title=\"OEUVRES DE YANNIS TSAROUCHIS\" class=\"read-more\" href=\"https:\/\/tsarouchis.gr\/fr\/works-by-yannis-tsarouchis\/\" aria-label=\"En savoir plus sur WORKS BY YANNIS TSAROUCHIS\">Lire la suite<\/a><\/p>","protected":false},"author":1,"featured_media":0,"parent":0,"menu_order":9,"comment_status":"closed","ping_status":"closed","template":"","meta":{"footnotes":""},"yst_prominent_words":[264,233,260,265,266,268,267,55,270,58,269,100,105,263,24,72],"class_list":["post-262","page","type-page","status-publish"],"yoast_head":"<!-- This site is optimized with the Yoast SEO Premium plugin v14.1 - https:\/\/yoast.com\/wordpress\/plugins\/seo\/ -->\n<title>WORKS BY YANNIS TSAROUCHIS - Yannis Tsarouchis Foundation<\/title>\n<meta name=\"robots\" content=\"index, follow\" \/>\n<meta name=\"googlebot\" content=\"index, follow, max-snippet:-1, max-image-preview:large, max-video-preview:-1\" \/>\n<meta name=\"bingbot\" content=\"index, follow, max-snippet:-1, max-image-preview:large, max-video-preview:-1\" \/>\n<link rel=\"canonical\" href=\"https:\/\/tsarouchis.gr\/fr\/works-by-yannis-tsarouchis\/\" \/>\n<meta property=\"og:locale\" content=\"fr_FR\" \/>\n<meta property=\"og:type\" content=\"article\" \/>\n<meta property=\"og:title\" content=\"WORKS BY YANNIS TSAROUCHIS - Yannis Tsarouchis Foundation\" \/>\n<meta property=\"og:description\" content=\"The Foundation Collection Works by Yannis Tsarouchis \u00a0\u00a0\u00a0 The collection owned by the Y. Tsarouchis Foundation was formed by two donations (1981-1987) and a bequest (1989) by the artist to the Foundation-Museum that bears his name, which is accommodated in his house at Maroussi. Yannis Tsarouchis began systematically to assemble his paintings long before he ... Lire la suite\" \/>\n<meta property=\"og:url\" content=\"https:\/\/tsarouchis.gr\/fr\/works-by-yannis-tsarouchis\/\" \/>\n<meta property=\"og:site_name\" content=\"Yannis Tsarouchis Foundation\" \/>\n<meta property=\"article:publisher\" content=\"https:\/\/www.facebook.com\/YannisTsarouchisFoundation\/\" \/>\n<meta property=\"article:modified_time\" content=\"2021-01-03T00:26:06+00:00\" \/>\n<meta property=\"og:image\" content=\"https:\/\/tsarouchis.gr\/wp-content\/uploads\/2019\/07\/it_685.jpg\" \/>\n\t<meta property=\"og:image:width\" content=\"318\" \/>\n\t<meta property=\"og:image:height\" content=\"445\" \/>\n<meta name=\"twitter:card\" content=\"summary_large_image\" \/>\n<script type=\"application\/ld+json\" class=\"yoast-schema-graph\">{\"@context\":\"https:\/\/schema.org\",\"@graph\":[{\"@type\":\"Organization\",\"@id\":\"https:\/\/tsarouchis.gr\/fr\/#organization\",\"name\":\"Yannis Tsarouchis Foundation\",\"url\":\"https:\/\/tsarouchis.gr\/fr\/\",\"sameAs\":[\"https:\/\/www.facebook.com\/YannisTsarouchisFoundation\/\",\"https:\/\/en.wikipedia.org\/wiki\/Yannis_Tsarouchis\"],\"logo\":{\"@type\":\"ImageObject\",\"@id\":\"https:\/\/tsarouchis.gr\/fr\/#logo\",\"inLanguage\":\"fr-FR\",\"url\":\"https:\/\/tsarouchis.gr\/wp-content\/uploads\/2019\/07\/LogoW_Large.png\",\"width\":290,\"height\":285,\"caption\":\"Yannis Tsarouchis Foundation\"},\"image\":{\"@id\":\"https:\/\/tsarouchis.gr\/fr\/#logo\"}},{\"@type\":\"WebSite\",\"@id\":\"https:\/\/tsarouchis.gr\/fr\/#website\",\"url\":\"https:\/\/tsarouchis.gr\/fr\/\",\"name\":\"Yannis Tsarouchis Foundation\",\"description\":\"Official web site of Tsarouchis foundation. Museum - Exhibitions - Shop - Information\",\"publisher\":{\"@id\":\"https:\/\/tsarouchis.gr\/fr\/#organization\"},\"potentialAction\":[{\"@type\":\"SearchAction\",\"target\":\"https:\/\/tsarouchis.gr\/fr\/?s={search_term_string}\",\"query-input\":\"required name=search_term_string\"}],\"inLanguage\":\"fr-FR\"},{\"@type\":\"WebPage\",\"@id\":\"https:\/\/tsarouchis.gr\/works-by-yannis-tsarouchis\/#webpage\",\"url\":\"https:\/\/tsarouchis.gr\/works-by-yannis-tsarouchis\/\",\"name\":\"WORKS BY YANNIS TSAROUCHIS - Yannis Tsarouchis Foundation\",\"isPartOf\":{\"@id\":\"https:\/\/tsarouchis.gr\/fr\/#website\"},\"datePublished\":\"2019-07-25T20:14:16+00:00\",\"dateModified\":\"2021-01-03T00:26:06+00:00\",\"inLanguage\":\"fr-FR\",\"potentialAction\":[{\"@type\":\"ReadAction\",\"target\":[\"https:\/\/tsarouchis.gr\/works-by-yannis-tsarouchis\/\"]}]}]}<\/script>\n<!-- \/ Yoast SEO Premium plugin. -->","_links":{"self":[{"href":"https:\/\/tsarouchis.gr\/fr\/wp-json\/wp\/v2\/pages\/262","targetHints":{"allow":["GET"]}}],"collection":[{"href":"https:\/\/tsarouchis.gr\/fr\/wp-json\/wp\/v2\/pages"}],"about":[{"href":"https:\/\/tsarouchis.gr\/fr\/wp-json\/wp\/v2\/types\/page"}],"author":[{"embeddable":true,"href":"https:\/\/tsarouchis.gr\/fr\/wp-json\/wp\/v2\/users\/1"}],"replies":[{"embeddable":true,"href":"https:\/\/tsarouchis.gr\/fr\/wp-json\/wp\/v2\/comments?post=262"}],"version-history":[{"count":34,"href":"https:\/\/tsarouchis.gr\/fr\/wp-json\/wp\/v2\/pages\/262\/revisions"}],"predecessor-version":[{"id":2034,"href":"https:\/\/tsarouchis.gr\/fr\/wp-json\/wp\/v2\/pages\/262\/revisions\/2034"}],"wp:attachment":[{"href":"https:\/\/tsarouchis.gr\/fr\/wp-json\/wp\/v2\/media?parent=262"}],"wp:term":[{"taxonomy":"yst_prominent_words","embeddable":true,"href":"https:\/\/tsarouchis.gr\/fr\/wp-json\/wp\/v2\/yst_prominent_words?post=262"}],"curies":[{"name":"wp","href":"https:\/\/api.w.org\/{rel}","templated":true}]}}