{"id":266,"date":"2019-07-25T20:15:15","date_gmt":"2019-07-25T20:15:15","guid":{"rendered":"http:\/\/tsarouchis.gr\/?page_id=266"},"modified":"2019-10-12T17:09:43","modified_gmt":"2019-10-12T14:09:43","slug":"archives","status":"publish","type":"page","link":"https:\/\/tsarouchis.gr\/de\/archives\/","title":{"rendered":"ARCHIVE"},"content":{"rendered":"<div data-elementor-type=\"wp-post\" data-elementor-id=\"266\" class=\"elementor elementor-266\" data-elementor-post-type=\"page\">\n\t\t\t\t\t\t<section class=\"elementor-section elementor-top-section elementor-element elementor-element-197bacf elementor-section-boxed elementor-section-height-default elementor-section-height-default\" data-id=\"197bacf\" data-element_type=\"section\" data-settings=\"{&quot;background_background&quot;:&quot;classic&quot;,&quot;shape_divider_top&quot;:&quot;split&quot;,&quot;shape_divider_bottom&quot;:&quot;opacity-tilt&quot;}\">\n\t\t\t\t\t\t\t<div class=\"elementor-background-overlay\"><\/div>\n\t\t\t\t\t\t<div class=\"elementor-shape elementor-shape-top\" aria-hidden=\"true\" data-negative=\"false\">\n\t\t\t<svg xmlns=\"http:\/\/www.w3.org\/2000\/svg\" viewbox=\"0 0 1000 20\" preserveaspectratio=\"none\">\n\t<path class=\"elementor-shape-fill\" d=\"M0,0v3c0,0,393.8,0,483.4,0c9.2,0,16.6,7.4,16.6,16.6c0-9.1,7.4-16.6,16.6-16.6C606.2,3,1000,3,1000,3V0H0z\"\/>\n<\/svg>\t\t<\/div>\n\t\t\t\t<div class=\"elementor-shape elementor-shape-bottom\" aria-hidden=\"true\" data-negative=\"false\">\n\t\t\t<svg xmlns=\"http:\/\/www.w3.org\/2000\/svg\" viewbox=\"0 0 2600 131.1\" preserveaspectratio=\"none\">\n\t<path class=\"elementor-shape-fill\" d=\"M0 0L2600 0 2600 69.1 0 0z\"\/>\n\t<path class=\"elementor-shape-fill\" style=\"opacity:0.5\" d=\"M0 0L2600 0 2600 69.1 0 69.1z\"\/>\n\t<path class=\"elementor-shape-fill\" style=\"opacity:0.25\" d=\"M2600 0L0 0 0 130.1 2600 69.1z\"\/>\n<\/svg>\t\t<\/div>\n\t\t\t\t\t<div class=\"elementor-container elementor-column-gap-default\">\n\t\t\t\t\t<div class=\"elementor-column elementor-col-100 elementor-top-column elementor-element elementor-element-621e9f6\" data-id=\"621e9f6\" data-element_type=\"column\">\n\t\t\t<div class=\"elementor-widget-wrap elementor-element-populated\">\n\t\t\t\t\t\t<div class=\"elementor-element elementor-element-736b7bd elementor-widget elementor-widget-heading\" data-id=\"736b7bd\" data-element_type=\"widget\" data-widget_type=\"heading.default\">\n\t\t\t\t<div class=\"elementor-widget-container\">\n\t\t\t\t\t<h1 class=\"elementor-heading-title elementor-size-default\">Archive<\/h1>\t\t\t\t<\/div>\n\t\t\t\t<\/div>\n\t\t\t\t<div class=\"elementor-element elementor-element-07f4904 elementor-widget elementor-widget-text-editor\" data-id=\"07f4904\" data-element_type=\"widget\" data-widget_type=\"text-editor.default\">\n\t\t\t\t<div class=\"elementor-widget-container\">\n\t\t\t\t\t\t\t\t\t<p>Das Archiv von Yannis Tsarouchis ist untrennbar mit seinem Gesamtschaffen\nverbunden. Es ist von ihm selbst im Verlauf seines Lebens zusammengestellt\nworden und umfasst Dokumente zu seinem Privatleben und seiner k\u00fcnstle-\nrischen Entwicklung. Nach Tsarouchis' Tod, 1989, ging das Archiv in das\nEigentum der Stiftung \u00fcber. Man kann daher mit nur ganz geringem Vorbe-\nhalt davon ausgehen, dass es vollst\u00e4ndig erhalten geblieben ist.\n\nDie Vollst\u00e4ndigkeit geht bereits auf Tsarouchis selbst zur\u00fcck, der dieses\nwertvolle Material nicht nur gewissenhaft gesammelt, sondern bereits zu\nLebzeiten mit seiner Klassifizierung begonnen hat.<\/p><p>Das Archiv umfasst folgende thematische Einheiten:<\/p>\t\t\t\t\t\t\t\t<\/div>\n\t\t\t\t<\/div>\n\t\t\t\t<div class=\"elementor-element elementor-element-6904cb9 elementor-widget elementor-widget-heading\" data-id=\"6904cb9\" data-element_type=\"widget\" data-widget_type=\"heading.default\">\n\t\t\t\t<div class=\"elementor-widget-container\">\n\t\t\t\t\t<h1 class=\"elementor-heading-title elementor-size-default\">I. Pers\u00f6nliche und biographische Unterlagen<\/h1>\t\t\t\t<\/div>\n\t\t\t\t<\/div>\n\t\t\t\t<div class=\"elementor-element elementor-element-fea39eb elementor-widget elementor-widget-text-editor\" data-id=\"fea39eb\" data-element_type=\"widget\" data-widget_type=\"text-editor.default\">\n\t\t\t\t<div class=\"elementor-widget-container\">\n\t\t\t\t\t\t\t\t\t<p>Diese Materialgruppe beinhaltet alle Dokumente, die sich auf Tsarouchis\u2019\nStudium, seinen Milit\u00e4rdienst, auf pers\u00f6nliche Angelegenheiten und\nErlebnisse, biographische Details u. a. beziehen.<\/p>\t\t\t\t\t\t\t\t<\/div>\n\t\t\t\t<\/div>\n\t\t\t\t<div class=\"elementor-element elementor-element-11d3ca9 elementor-widget elementor-widget-heading\" data-id=\"11d3ca9\" data-element_type=\"widget\" data-widget_type=\"heading.default\">\n\t\t\t\t<div class=\"elementor-widget-container\">\n\t\t\t\t\t<h1 class=\"elementor-heading-title elementor-size-default\">II. Sch\u00f6pferisches Werk<\/h1>\t\t\t\t<\/div>\n\t\t\t\t<\/div>\n\t\t\t\t<div class=\"elementor-element elementor-element-aa9815e elementor-widget elementor-widget-text-editor\" data-id=\"aa9815e\" data-element_type=\"widget\" data-widget_type=\"text-editor.default\">\n\t\t\t\t<div class=\"elementor-widget-container\">\n\t\t\t\t\t\t\t\t\t<p><strong>a. Malerei<\/strong> <br \/>Unterlagen zur Entwicklung seines Schaffens, von den Jugendjahren bis zu\n\nseinem Tod, zu Dokumentationen, Ausstellungsteilnahmen, zum Verkauf von\n\u201a Werken, zu Auftr\u00e4gen, Einladungen usw.<\/p><p><strong>b. Theater - Tanz - Film<\/strong><br \/>Dokumente zu seinen b\u00fchnen- und kost\u00fcmbildnerischen Aktivit\u00e4ten f\u00fcr\ndas Theater - Opern, Trag\u00f6dien, Tanz und Film. Programme, Fotografien,\nVertr\u00e4ge, Kritiken, Korrespondenz zum Theaterschaffen, Einladungen usw.<\/p><p><strong>c. Schriftstellerisches Werk<\/strong> <br \/>Diese Gruppe umfasst alles, was mit dem schriftstellerischen Schaffen\nvon Yannis Tsarouchis in Verbindung steht, die Schriften, die er heraus-\ngegeben hat.<\/p>\t\t\t\t\t\t\t\t<\/div>\n\t\t\t\t<\/div>\n\t\t\t\t<div class=\"elementor-element elementor-element-b80efb4 elementor-widget elementor-widget-heading\" data-id=\"b80efb4\" data-element_type=\"widget\" data-widget_type=\"heading.default\">\n\t\t\t\t<div class=\"elementor-widget-container\">\n\t\t\t\t\t<h1 class=\"elementor-heading-title elementor-size-default\">III. P\u00e4dagogisches Werk<\/h1>\t\t\t\t<\/div>\n\t\t\t\t<\/div>\n\t\t\t\t<div class=\"elementor-element elementor-element-30e5e20 elementor-widget elementor-widget-text-editor\" data-id=\"30e5e20\" data-element_type=\"widget\" data-widget_type=\"text-editor.default\">\n\t\t\t\t<div class=\"elementor-widget-container\">\n\t\t\t\t\t\t\t\t\t<p>Diese Gruppe umfasst die Notizen und alles, was mit der Zeit seiner Lehre\nam Ionischen Zentrum in Zusammenhang steht.<\/p>\t\t\t\t\t\t\t\t<\/div>\n\t\t\t\t<\/div>\n\t\t\t\t<div class=\"elementor-element elementor-element-2542dd4 elementor-widget elementor-widget-heading\" data-id=\"2542dd4\" data-element_type=\"widget\" data-widget_type=\"heading.default\">\n\t\t\t\t<div class=\"elementor-widget-container\">\n\t\t\t\t\t<h1 class=\"elementor-heading-title elementor-size-default\">IV. Geschichte des Kost\u00fcms<\/h1>\t\t\t\t<\/div>\n\t\t\t\t<\/div>\n\t\t\t\t<div class=\"elementor-element elementor-element-7b27b5e elementor-widget elementor-widget-text-editor\" data-id=\"7b27b5e\" data-element_type=\"widget\" data-widget_type=\"text-editor.default\">\n\t\t\t\t<div class=\"elementor-widget-container\">\n\t\t\t\t\t\t\t\t\t<p>Historisches Archiv seiner Studien zu Kost\u00fcmen verschiedener Regionen\nund Epochen.<\/p>\t\t\t\t\t\t\t\t<\/div>\n\t\t\t\t<\/div>\n\t\t\t\t<div class=\"elementor-element elementor-element-5de5b9e elementor-widget elementor-widget-heading\" data-id=\"5de5b9e\" data-element_type=\"widget\" data-widget_type=\"heading.default\">\n\t\t\t\t<div class=\"elementor-widget-container\">\n\t\t\t\t\t<h1 class=\"elementor-heading-title elementor-size-default\">V. Korrespondenz<\/h1>\t\t\t\t<\/div>\n\t\t\t\t<\/div>\n\t\t\t\t<div class=\"elementor-element elementor-element-6b741d5 elementor-widget elementor-widget-text-editor\" data-id=\"6b741d5\" data-element_type=\"widget\" data-widget_type=\"text-editor.default\">\n\t\t\t\t<div class=\"elementor-widget-container\">\n\t\t\t\t\t\t\t\t\t<p>Die Korrespondenz umfasst Briefe an Griechen und Ausl\u00e4nder, die entweder\nin Freundschaft oder beruflich mit Yannis Tsarouchis verbunden waren.\n\nZu ihnen geh\u00f6ren Briefe von Lila de Nobili, Teriade (Stratis Eleftheriadis),\nClaude Bernard, Yannis Moralis, Manos Chatzidakis, Alexis Minotis, Franco\nZefirelli und viele andere Angeh\u00f6rige der Athener Gesellschaft jener Zeit.<\/p>\t\t\t\t\t\t\t\t<\/div>\n\t\t\t\t<\/div>\n\t\t\t\t<div class=\"elementor-element elementor-element-a17cecc elementor-widget elementor-widget-heading\" data-id=\"a17cecc\" data-element_type=\"widget\" data-widget_type=\"heading.default\">\n\t\t\t\t<div class=\"elementor-widget-container\">\n\t\t\t\t\t<h1 class=\"elementor-heading-title elementor-size-default\">VI. Fotoarchiv<\/h1>\t\t\t\t<\/div>\n\t\t\t\t<\/div>\n\t\t\t\t<div class=\"elementor-element elementor-element-37dbcc1 elementor-widget elementor-widget-text-editor\" data-id=\"37dbcc1\" data-element_type=\"widget\" data-widget_type=\"text-editor.default\">\n\t\t\t\t<div class=\"elementor-widget-container\">\n\t\t\t\t\t\t\t\t\t<p>Private Fotografien, zu Studienzwecken seiner Werke aufgenommene\nFotografien von Modellen, klassizistische Geb\u00e4ude u. a.<\/p><p><strong>Vom Beginn der Stiftungsaktivit\u00e4ten an bis heute ist das Archiv immer\nwieder durch bedeutende Schenkungen bereichert worden und es wird\nauch jetzt noch st\u00e4ndig erg\u00e4nzt.<\/strong><\/p>\t\t\t\t\t\t\t\t<\/div>\n\t\t\t\t<\/div>\n\t\t\t\t\t<\/div>\n\t\t<\/div>\n\t\t\t\t\t<\/div>\n\t\t<\/section>\n\t\t\t\t<\/div>","protected":false},"excerpt":{"rendered":"<p>Archives Yannis Tsarouchis\u2019s archive is an integral part of his overall oeuvre. It was formed by the artist himself throughout his lifetime and contains documents relating to his personal life and also to his development as an artist. After his death in 1989, the archive came into the ownership of the Foundation. It may be &#8230; <a title=\"ARCHIVE\" class=\"read-more\" href=\"https:\/\/tsarouchis.gr\/de\/archives\/\" aria-label=\"Mehr Informationen \u00fcber ARCHIVES\">Weiterlesen<\/a><\/p>","protected":false},"author":1,"featured_media":0,"parent":0,"menu_order":14,"comment_status":"closed","ping_status":"closed","template":"","meta":{"footnotes":""},"yst_prominent_words":[231,233,235,238,236,242,241,232,228,55,239,240,230,177,229,237,234,243,65,62],"class_list":["post-266","page","type-page","status-publish"],"yoast_head":"<!-- This site is optimized with the Yoast SEO Premium plugin v14.1 - https:\/\/yoast.com\/wordpress\/plugins\/seo\/ -->\n<title>ARCHIVES - Yannis Tsarouchis Foundation<\/title>\n<meta name=\"robots\" content=\"index, follow\" \/>\n<meta name=\"googlebot\" content=\"index, follow, max-snippet:-1, max-image-preview:large, max-video-preview:-1\" \/>\n<meta name=\"bingbot\" content=\"index, follow, max-snippet:-1, max-image-preview:large, max-video-preview:-1\" \/>\n<link rel=\"canonical\" href=\"https:\/\/tsarouchis.gr\/de\/archives\/\" \/>\n<meta property=\"og:locale\" content=\"de_DE\" \/>\n<meta property=\"og:type\" content=\"article\" \/>\n<meta property=\"og:title\" content=\"ARCHIVES - Yannis Tsarouchis Foundation\" \/>\n<meta property=\"og:description\" content=\"Archives Yannis Tsarouchis\u2019s archive is an integral part of his overall oeuvre. It was formed by the artist himself throughout his lifetime and contains documents relating to his personal life and also to his development as an artist. After his death in 1989, the archive came into the ownership of the Foundation. It may be ... Weiterlesen\" \/>\n<meta property=\"og:url\" content=\"https:\/\/tsarouchis.gr\/de\/archives\/\" \/>\n<meta property=\"og:site_name\" content=\"Yannis Tsarouchis Foundation\" \/>\n<meta property=\"article:publisher\" content=\"https:\/\/www.facebook.com\/YannisTsarouchisFoundation\/\" \/>\n<meta property=\"article:modified_time\" content=\"2019-10-12T14:09:43+00:00\" \/>\n<meta property=\"og:image\" content=\"https:\/\/tsarouchis.gr\/wp-content\/uploads\/2019\/07\/it_685.jpg\" \/>\n\t<meta property=\"og:image:width\" content=\"318\" \/>\n\t<meta property=\"og:image:height\" content=\"445\" \/>\n<meta name=\"twitter:card\" content=\"summary_large_image\" \/>\n<script type=\"application\/ld+json\" class=\"yoast-schema-graph\">{\"@context\":\"https:\/\/schema.org\",\"@graph\":[{\"@type\":\"Organization\",\"@id\":\"https:\/\/tsarouchis.gr\/de\/#organization\",\"name\":\"Yannis Tsarouchis Foundation\",\"url\":\"https:\/\/tsarouchis.gr\/de\/\",\"sameAs\":[\"https:\/\/www.facebook.com\/YannisTsarouchisFoundation\/\",\"https:\/\/en.wikipedia.org\/wiki\/Yannis_Tsarouchis\"],\"logo\":{\"@type\":\"ImageObject\",\"@id\":\"https:\/\/tsarouchis.gr\/de\/#logo\",\"inLanguage\":\"de\",\"url\":\"https:\/\/tsarouchis.gr\/wp-content\/uploads\/2019\/07\/LogoW_Large.png\",\"width\":290,\"height\":285,\"caption\":\"Yannis Tsarouchis Foundation\"},\"image\":{\"@id\":\"https:\/\/tsarouchis.gr\/de\/#logo\"}},{\"@type\":\"WebSite\",\"@id\":\"https:\/\/tsarouchis.gr\/de\/#website\",\"url\":\"https:\/\/tsarouchis.gr\/de\/\",\"name\":\"Yannis Tsarouchis Foundation\",\"description\":\"Official web site of Tsarouchis foundation. Museum - Exhibitions - Shop - Information\",\"publisher\":{\"@id\":\"https:\/\/tsarouchis.gr\/de\/#organization\"},\"potentialAction\":[{\"@type\":\"SearchAction\",\"target\":\"https:\/\/tsarouchis.gr\/de\/?s={search_term_string}\",\"query-input\":\"required name=search_term_string\"}],\"inLanguage\":\"de\"},{\"@type\":\"WebPage\",\"@id\":\"https:\/\/tsarouchis.gr\/en\/archives\/#webpage\",\"url\":\"https:\/\/tsarouchis.gr\/en\/archives\/\",\"name\":\"ARCHIVES - Yannis Tsarouchis Foundation\",\"isPartOf\":{\"@id\":\"https:\/\/tsarouchis.gr\/de\/#website\"},\"datePublished\":\"2019-07-25T20:15:15+00:00\",\"dateModified\":\"2019-10-12T14:09:43+00:00\",\"inLanguage\":\"de\",\"potentialAction\":[{\"@type\":\"ReadAction\",\"target\":[\"https:\/\/tsarouchis.gr\/en\/archives\/\"]}]}]}<\/script>\n<!-- \/ Yoast SEO Premium plugin. -->","_links":{"self":[{"href":"https:\/\/tsarouchis.gr\/de\/wp-json\/wp\/v2\/pages\/266","targetHints":{"allow":["GET"]}}],"collection":[{"href":"https:\/\/tsarouchis.gr\/de\/wp-json\/wp\/v2\/pages"}],"about":[{"href":"https:\/\/tsarouchis.gr\/de\/wp-json\/wp\/v2\/types\/page"}],"author":[{"embeddable":true,"href":"https:\/\/tsarouchis.gr\/de\/wp-json\/wp\/v2\/users\/1"}],"replies":[{"embeddable":true,"href":"https:\/\/tsarouchis.gr\/de\/wp-json\/wp\/v2\/comments?post=266"}],"version-history":[{"count":15,"href":"https:\/\/tsarouchis.gr\/de\/wp-json\/wp\/v2\/pages\/266\/revisions"}],"predecessor-version":[{"id":1609,"href":"https:\/\/tsarouchis.gr\/de\/wp-json\/wp\/v2\/pages\/266\/revisions\/1609"}],"wp:attachment":[{"href":"https:\/\/tsarouchis.gr\/de\/wp-json\/wp\/v2\/media?parent=266"}],"wp:term":[{"taxonomy":"yst_prominent_words","embeddable":true,"href":"https:\/\/tsarouchis.gr\/de\/wp-json\/wp\/v2\/yst_prominent_words?post=266"}],"curies":[{"name":"wp","href":"https:\/\/api.w.org\/{rel}","templated":true}]}}