{"id":262,"date":"2019-07-25T20:14:16","date_gmt":"2019-07-25T20:14:16","guid":{"rendered":"http:\/\/tsarouchis.gr\/?page_id=262"},"modified":"2021-01-03T03:26:06","modified_gmt":"2021-01-03T00:26:06","slug":"works-by-yannis-tsarouchis","status":"publish","type":"page","link":"https:\/\/tsarouchis.gr\/de\/works-by-yannis-tsarouchis\/","title":{"rendered":"WERKE VON YANNIS TSAROUCHIS"},"content":{"rendered":"<div data-elementor-type=\"wp-post\" data-elementor-id=\"262\" class=\"elementor elementor-262\" data-elementor-post-type=\"page\">\n\t\t\t\t\t\t<section class=\"elementor-section elementor-top-section elementor-element elementor-element-b52c89e elementor-section-full_width elementor-section-height-default elementor-section-height-default\" data-id=\"b52c89e\" data-element_type=\"section\" data-settings=\"{&quot;background_background&quot;:&quot;classic&quot;}\">\n\t\t\t\t\t\t<div class=\"elementor-container elementor-column-gap-default\">\n\t\t\t\t\t<div class=\"elementor-column elementor-col-100 elementor-top-column elementor-element elementor-element-80f06f7\" data-id=\"80f06f7\" data-element_type=\"column\">\n\t\t\t<div class=\"elementor-widget-wrap elementor-element-populated\">\n\t\t\t\t\t\t<div class=\"elementor-element elementor-element-d6ae408 elementor-hidden-phone elementor-widget elementor-widget-heading\" data-id=\"d6ae408\" data-element_type=\"widget\" data-widget_type=\"heading.default\">\n\t\t\t\t<div class=\"elementor-widget-container\">\n\t\t\t\t\t<h1 class=\"elementor-heading-title elementor-size-default\">Die Stiftungssammlung<\/h1>\t\t\t\t<\/div>\n\t\t\t\t<\/div>\n\t\t\t\t<div class=\"elementor-element elementor-element-9704f7e elementor-widget elementor-widget-heading\" data-id=\"9704f7e\" data-element_type=\"widget\" data-widget_type=\"heading.default\">\n\t\t\t\t<div class=\"elementor-widget-container\">\n\t\t\t\t\t<h1 class=\"elementor-heading-title elementor-size-default\">Werke Von Yannis Tsarouchis<\/h1>\t\t\t\t<\/div>\n\t\t\t\t<\/div>\n\t\t\t\t<div class=\"elementor-element elementor-element-ffba1d3 elementor-widget-divider--view-line elementor-widget elementor-widget-divider\" data-id=\"ffba1d3\" data-element_type=\"widget\" data-widget_type=\"divider.default\">\n\t\t\t\t<div class=\"elementor-widget-container\">\n\t\t\t\t\t\t\t<div class=\"elementor-divider\">\n\t\t\t<span class=\"elementor-divider-separator\">\n\t\t\t\t\t\t<\/span>\n\t\t<\/div>\n\t\t\t\t\t\t<\/div>\n\t\t\t\t<\/div>\n\t\t\t\t\t<\/div>\n\t\t<\/div>\n\t\t\t\t\t<\/div>\n\t\t<\/section>\n\t\t\t\t<section class=\"elementor-section elementor-top-section elementor-element elementor-element-d00cdf8 elementor-section-boxed elementor-section-height-default elementor-section-height-default\" data-id=\"d00cdf8\" data-element_type=\"section\" data-settings=\"{&quot;background_background&quot;:&quot;classic&quot;}\">\n\t\t\t\t\t\t<div class=\"elementor-container elementor-column-gap-default\">\n\t\t\t\t\t<div class=\"elementor-column elementor-col-100 elementor-top-column elementor-element elementor-element-c02f34d\" data-id=\"c02f34d\" data-element_type=\"column\">\n\t\t\t<div class=\"elementor-widget-wrap elementor-element-populated\">\n\t\t\t\t\t\t<div class=\"elementor-element elementor-element-49407df elementor-widget elementor-widget-text-editor\" data-id=\"49407df\" data-element_type=\"widget\" data-widget_type=\"text-editor.default\">\n\t\t\t\t<div class=\"elementor-widget-container\">\n\t\t\t\t\t\t\t\t\t<p>\u00a0\u00a0\u00a0 Yannis Tsarouchis hatte schon lange, bevor die Idee einer Stiftungsgr\u00fcndung\nheranreifte, begonnen, seine Werke systematisch zu sammeln.\n\nEs ist kennzeichnend, dass ein wichtiger Teil der Stiftungssammlung - die Werke\naus der Zeit von 1937-38 - aus Bildern besteht, die auf der ersten Einzel-\nausstellung in Athen, London und Paris nicht verkauft worden waren und deren\nVerkauf Tsarouchis sp\u00e4ter systematisch vermied, auch wenn er wiederholt\ndarum gebeten wurde.<\/p><p>\u00a0\u00a0\u00a0 Mit Ausnahme der Werke aus den 50er Jahren - einer Zeit in der Yannis\nTsarouchis nur wenige Beispiele seiner Kunst f\u00fcr sich behielt, da er einen\nExklusivvertrag abgeschlossen hatte, der ihn zum Verkauf s\u00e4mtlicher Werke an\nAlexander lolas verpflichtete - decken die Werke, die sich heute im Besitz der\nStiftung befinden, alle Schaffensperioden des Malers ab. Anhand der Bilder kann\nman die k\u00fcnstlerische Entwicklung von Yannis Tsarouchis verfolgen; die Phasen\nseines k\u00fcnstlerischen Strebens, seine Einstellungen aber auch seine stilistischen\nExperimente, die, was die Auswahl der Themen, aber auch deren endg\u00fcltige\nAusf\u00fchrung angeht, zusammen mit seinen vielseitigen, \u00e4sthetischen Deutungen\nden bekannten, unverwechselbar pers\u00f6nlichen Stil seiner Werke ausmachen.<\/p><p>\u00a0\u00a0\u00a0 Die Sammlung der Yannis-Tsarouchis-Stiftung ist aus zwei Schenkungen\n(1981, 1987) und dem Nachlass (1989) des K\u00fcnstlers hervorgegangen.\nStiftung und das gleichnamige Museum sind in seinem Haus im Athener\nVorort Maroussi untergebracht und die Sammlung umfasst Gem\u00e4lde,\nZeichnungen, Vorarbeiten und Entw\u00fcrfe zu B\u00fchnenbildern. Der besondere\nCharakter der Stiftungssammlung erm\u00f6glicht einen Einblick in den Schaf-\nfensprozess des K\u00fcnstlers selbst und stellt das fortw\u00e4hrende \u00e4sthetische\nhin- und hergerissen Sein Tsarouchis\u2019 zwischen zwei kulturellen Realit\u00e4ten,\ndie \u00e4sthetische Ambivalenz des Malers zwischen Orient und Okzident als\nein nachhaltiges Motiv f\u00fcr seine Schaffenskraft und seinen k\u00fcnstlerischen\nPluralismus heraus.<\/p><p>\u00a0\u00a0\u00a0 Die Werke der Stiftung decken au\u00dferdem das gesamte Themenspektrum\nvon Yannis Tsarouchis ab - einmal mit mehr ein andermal mit weniger\nBeispielen - und sind zu kleineren thematischen Einheiten zusammenge-\nfasst worden:\n\nMonate und Jahreszeiten, Zeibekika, reale und fantastische Landschaften,\nKaffeeh\u00e4user, T\u00e4nze, Portr\u00e4ts, Matrosen, Menschen mit Schmetterlings-\nfl\u00fcgeln, Radfahrer, Blumen und Stillleben, Opfer der Iphigenie und anderes.\nEinheiten, die h\u00e4ufig die Themen f\u00fcr Sonderausstellungen darstellen, die\nvon der Stiftung organisiert werden.<\/p>\t\t\t\t\t\t\t\t<\/div>\n\t\t\t\t<\/div>\n\t\t\t\t\t<\/div>\n\t\t<\/div>\n\t\t\t\t\t<\/div>\n\t\t<\/section>\n\t\t\t\t<section class=\"elementor-section elementor-top-section elementor-element elementor-element-a80ae38 elementor-section-boxed elementor-section-height-default elementor-section-height-default\" data-id=\"a80ae38\" data-element_type=\"section\" data-settings=\"{&quot;background_background&quot;:&quot;classic&quot;}\">\n\t\t\t\t\t\t<div class=\"elementor-container elementor-column-gap-default\">\n\t\t\t\t\t<div class=\"elementor-column elementor-col-100 elementor-top-column elementor-element elementor-element-a842340\" data-id=\"a842340\" data-element_type=\"column\">\n\t\t\t<div class=\"elementor-widget-wrap elementor-element-populated\">\n\t\t\t\t\t\t<div class=\"elementor-element elementor-element-40080c4 elementor-widget-divider--view-line elementor-widget elementor-widget-divider\" data-id=\"40080c4\" data-element_type=\"widget\" data-widget_type=\"divider.default\">\n\t\t\t\t<div class=\"elementor-widget-container\">\n\t\t\t\t\t\t\t<div class=\"elementor-divider\">\n\t\t\t<span class=\"elementor-divider-separator\">\n\t\t\t\t\t\t<\/span>\n\t\t<\/div>\n\t\t\t\t\t\t<\/div>\n\t\t\t\t<\/div>\n\t\t\t\t\t<\/div>\n\t\t<\/div>\n\t\t\t\t\t<\/div>\n\t\t<\/section>\n\t\t\t\t<section class=\"elementor-section elementor-top-section elementor-element elementor-element-06aa597 elementor-section-boxed elementor-section-height-default elementor-section-height-default\" data-id=\"06aa597\" data-element_type=\"section\" data-settings=\"{&quot;background_background&quot;:&quot;classic&quot;}\">\n\t\t\t\t\t\t<div class=\"elementor-container elementor-column-gap-default\">\n\t\t\t\t\t<div class=\"elementor-column elementor-col-33 elementor-top-column elementor-element elementor-element-7a1c390\" data-id=\"7a1c390\" data-element_type=\"column\">\n\t\t\t<div class=\"elementor-widget-wrap elementor-element-populated\">\n\t\t\t\t\t\t<div class=\"elementor-element elementor-element-86adbf7 elementor-align-center elementor-widget elementor-widget-button\" data-id=\"86adbf7\" data-element_type=\"widget\" data-widget_type=\"button.default\">\n\t\t\t\t<div class=\"elementor-widget-container\">\n\t\t\t\t\t\t\t\t\t<div class=\"elementor-button-wrapper\">\n\t\t\t\t\t<a class=\"elementor-button elementor-button-link elementor-size-sm\" href=\"https:\/\/tsarouchis.gr\/de\/works-by-yannis-tsarouchis\/paintings\/\">\n\t\t\t\t\t\t<span class=\"elementor-button-content-wrapper\">\n\t\t\t\t\t\t<span class=\"elementor-button-icon\">\n\t\t\t\t<i aria-hidden=\"true\" class=\"fas fa-arrow-right\"><\/i>\t\t\t<\/span>\n\t\t\t\t\t\t\t\t\t<span class=\"elementor-button-text\">Gem\u00e4lde<\/span>\n\t\t\t\t\t<\/span>\n\t\t\t\t\t<\/a>\n\t\t\t\t<\/div>\n\t\t\t\t\t\t\t\t<\/div>\n\t\t\t\t<\/div>\n\t\t\t\t\t<\/div>\n\t\t<\/div>\n\t\t\t\t<div class=\"elementor-column elementor-col-33 elementor-top-column elementor-element elementor-element-ff3885e\" data-id=\"ff3885e\" data-element_type=\"column\">\n\t\t\t<div class=\"elementor-widget-wrap elementor-element-populated\">\n\t\t\t\t\t\t<div class=\"elementor-element elementor-element-1ba7528 elementor-align-center elementor-widget elementor-widget-button\" data-id=\"1ba7528\" data-element_type=\"widget\" data-widget_type=\"button.default\">\n\t\t\t\t<div class=\"elementor-widget-container\">\n\t\t\t\t\t\t\t\t\t<div class=\"elementor-button-wrapper\">\n\t\t\t\t\t<a class=\"elementor-button elementor-button-link elementor-size-sm\" href=\"https:\/\/tsarouchis.gr\/de\/works-by-yannis-tsarouchis\/drawings\/\">\n\t\t\t\t\t\t<span class=\"elementor-button-content-wrapper\">\n\t\t\t\t\t\t<span class=\"elementor-button-icon\">\n\t\t\t\t<i aria-hidden=\"true\" class=\"fas fa-arrow-right\"><\/i>\t\t\t<\/span>\n\t\t\t\t\t\t\t\t\t<span class=\"elementor-button-text\">Zeichnungen<\/span>\n\t\t\t\t\t<\/span>\n\t\t\t\t\t<\/a>\n\t\t\t\t<\/div>\n\t\t\t\t\t\t\t\t<\/div>\n\t\t\t\t<\/div>\n\t\t\t\t\t<\/div>\n\t\t<\/div>\n\t\t\t\t<div class=\"elementor-column elementor-col-33 elementor-top-column elementor-element elementor-element-04e8473\" data-id=\"04e8473\" data-element_type=\"column\">\n\t\t\t<div class=\"elementor-widget-wrap elementor-element-populated\">\n\t\t\t\t\t\t<div class=\"elementor-element elementor-element-653820d elementor-align-center elementor-widget elementor-widget-button\" data-id=\"653820d\" data-element_type=\"widget\" data-widget_type=\"button.default\">\n\t\t\t\t<div class=\"elementor-widget-container\">\n\t\t\t\t\t\t\t\t\t<div class=\"elementor-button-wrapper\">\n\t\t\t\t\t<a class=\"elementor-button elementor-button-link elementor-size-sm\" href=\"https:\/\/tsarouchis.gr\/de\/works-by-yannis-tsarouchis\/stage-designs\/\">\n\t\t\t\t\t\t<span class=\"elementor-button-content-wrapper\">\n\t\t\t\t\t\t<span class=\"elementor-button-icon\">\n\t\t\t\t<i aria-hidden=\"true\" class=\"fas fa-arrow-right\"><\/i>\t\t\t<\/span>\n\t\t\t\t\t\t\t\t\t<span class=\"elementor-button-text\">B\u00fchnenbilder<\/span>\n\t\t\t\t\t<\/span>\n\t\t\t\t\t<\/a>\n\t\t\t\t<\/div>\n\t\t\t\t\t\t\t\t<\/div>\n\t\t\t\t<\/div>\n\t\t\t\t\t<\/div>\n\t\t<\/div>\n\t\t\t\t\t<\/div>\n\t\t<\/section>\n\t\t\t\t<section class=\"elementor-section elementor-top-section elementor-element elementor-element-a55e187 elementor-section-boxed elementor-section-height-default elementor-section-height-default\" data-id=\"a55e187\" data-element_type=\"section\">\n\t\t\t\t\t\t<div class=\"elementor-container elementor-column-gap-default\">\n\t\t\t\t\t<div class=\"elementor-column elementor-col-100 elementor-top-column elementor-element elementor-element-0d37b78\" data-id=\"0d37b78\" data-element_type=\"column\">\n\t\t\t<div class=\"elementor-widget-wrap elementor-element-populated\">\n\t\t\t\t\t\t<div class=\"elementor-element elementor-element-4e7c71c elementor-widget elementor-widget-spacer\" data-id=\"4e7c71c\" data-element_type=\"widget\" data-widget_type=\"spacer.default\">\n\t\t\t\t<div class=\"elementor-widget-container\">\n\t\t\t\t\t\t\t<div class=\"elementor-spacer\">\n\t\t\t<div class=\"elementor-spacer-inner\"><\/div>\n\t\t<\/div>\n\t\t\t\t\t\t<\/div>\n\t\t\t\t<\/div>\n\t\t\t\t\t<\/div>\n\t\t<\/div>\n\t\t\t\t\t<\/div>\n\t\t<\/section>\n\t\t\t\t<section class=\"elementor-section elementor-top-section elementor-element elementor-element-1035c330 elementor-section-boxed elementor-section-height-default elementor-section-height-default\" data-id=\"1035c330\" data-element_type=\"section\" data-settings=\"{&quot;background_background&quot;:&quot;classic&quot;}\">\n\t\t\t\t\t\t<div class=\"elementor-container elementor-column-gap-default\">\n\t\t\t\t\t<div class=\"elementor-column elementor-col-100 elementor-top-column elementor-element elementor-element-6ccf5644\" data-id=\"6ccf5644\" data-element_type=\"column\">\n\t\t\t<div class=\"elementor-widget-wrap elementor-element-populated\">\n\t\t\t\t\t\t<div class=\"elementor-element elementor-element-30507e8f elementor-cta--layout-image-left elementor-cta--mobile-layout-image-above elementor-cta--skin-classic elementor-animated-content elementor-bg-transform elementor-bg-transform-zoom-in elementor-widget elementor-widget-call-to-action\" data-id=\"30507e8f\" data-element_type=\"widget\" data-widget_type=\"call-to-action.default\">\n\t\t\t\t<div class=\"elementor-widget-container\">\n\t\t\t\t\t\t\t<a class=\"elementor-cta\" href=\"https:\/\/tsarouchis.gr\/de\/momente-fur-ein-leben\/\">\n\t\t\t\t\t\t\t<div class=\"elementor-cta__content\">\n\t\t\t\t\n\t\t\t\t\t\t\t\t\t<h2 class=\"elementor-cta__title elementor-cta__content-item elementor-content-item\">\n\t\t\t\t\t\tsiehe auch\t\t\t\t\t<\/h2>\n\t\t\t\t\n\t\t\t\t\t\t\t\t\t<div class=\"elementor-cta__description elementor-cta__content-item elementor-content-item\">\n\t\t\t\t\t\tMomente F\u00fcr Ein Leben\t\t\t\t\t<\/div>\n\t\t\t\t\n\t\t\t\t\t\t\t\t\t<div class=\"elementor-cta__button-wrapper elementor-cta__content-item elementor-content-item\">\n\t\t\t\t\t<span class=\"elementor-cta__button elementor-button elementor-size-\">\n\t\t\t\t\t\tKlicke hier\t\t\t\t\t<\/span>\n\t\t\t\t\t<\/div>\n\t\t\t\t\t\t\t<\/div>\n\t\t\t\t\t\t<\/a>\n\t\t\t\t\t\t<\/div>\n\t\t\t\t<\/div>\n\t\t\t\t\t<\/div>\n\t\t<\/div>\n\t\t\t\t\t<\/div>\n\t\t<\/section>\n\t\t\t\t<\/div>","protected":false},"excerpt":{"rendered":"<p>The Foundation Collection Works by Yannis Tsarouchis \u00a0\u00a0\u00a0 The collection owned by the Y. Tsarouchis Foundation was formed by two donations (1981-1987) and a bequest (1989) by the artist to the Foundation-Museum that bears his name, which is accommodated in his house at Maroussi. Yannis Tsarouchis began systematically to assemble his paintings long before he &#8230; <a title=\"WERKE VON YANNIS TSAROUCHIS\" class=\"read-more\" href=\"https:\/\/tsarouchis.gr\/de\/works-by-yannis-tsarouchis\/\" aria-label=\"Mehr Informationen \u00fcber WORKS BY YANNIS TSAROUCHIS\">Weiterlesen<\/a><\/p>","protected":false},"author":1,"featured_media":0,"parent":0,"menu_order":9,"comment_status":"closed","ping_status":"closed","template":"","meta":{"footnotes":""},"yst_prominent_words":[264,233,260,265,266,268,267,55,270,58,269,100,105,263,24,72],"class_list":["post-262","page","type-page","status-publish"],"yoast_head":"<!-- This site is optimized with the Yoast SEO Premium plugin v14.1 - https:\/\/yoast.com\/wordpress\/plugins\/seo\/ -->\n<title>WORKS BY YANNIS TSAROUCHIS - Yannis Tsarouchis Foundation<\/title>\n<meta name=\"robots\" content=\"index, follow\" \/>\n<meta name=\"googlebot\" content=\"index, follow, max-snippet:-1, max-image-preview:large, max-video-preview:-1\" \/>\n<meta name=\"bingbot\" content=\"index, follow, max-snippet:-1, max-image-preview:large, max-video-preview:-1\" \/>\n<link rel=\"canonical\" href=\"https:\/\/tsarouchis.gr\/de\/works-by-yannis-tsarouchis\/\" \/>\n<meta property=\"og:locale\" content=\"de_DE\" \/>\n<meta property=\"og:type\" content=\"article\" \/>\n<meta property=\"og:title\" content=\"WORKS BY YANNIS TSAROUCHIS - Yannis Tsarouchis Foundation\" \/>\n<meta property=\"og:description\" content=\"The Foundation Collection Works by Yannis Tsarouchis \u00a0\u00a0\u00a0 The collection owned by the Y. Tsarouchis Foundation was formed by two donations (1981-1987) and a bequest (1989) by the artist to the Foundation-Museum that bears his name, which is accommodated in his house at Maroussi. Yannis Tsarouchis began systematically to assemble his paintings long before he ... Weiterlesen\" \/>\n<meta property=\"og:url\" content=\"https:\/\/tsarouchis.gr\/de\/works-by-yannis-tsarouchis\/\" \/>\n<meta property=\"og:site_name\" content=\"Yannis Tsarouchis Foundation\" \/>\n<meta property=\"article:publisher\" content=\"https:\/\/www.facebook.com\/YannisTsarouchisFoundation\/\" \/>\n<meta property=\"article:modified_time\" content=\"2021-01-03T00:26:06+00:00\" \/>\n<meta property=\"og:image\" content=\"https:\/\/tsarouchis.gr\/wp-content\/uploads\/2019\/07\/it_685.jpg\" \/>\n\t<meta property=\"og:image:width\" content=\"318\" \/>\n\t<meta property=\"og:image:height\" content=\"445\" \/>\n<meta name=\"twitter:card\" content=\"summary_large_image\" \/>\n<script type=\"application\/ld+json\" class=\"yoast-schema-graph\">{\"@context\":\"https:\/\/schema.org\",\"@graph\":[{\"@type\":\"Organization\",\"@id\":\"https:\/\/tsarouchis.gr\/de\/#organization\",\"name\":\"Yannis Tsarouchis Foundation\",\"url\":\"https:\/\/tsarouchis.gr\/de\/\",\"sameAs\":[\"https:\/\/www.facebook.com\/YannisTsarouchisFoundation\/\",\"https:\/\/en.wikipedia.org\/wiki\/Yannis_Tsarouchis\"],\"logo\":{\"@type\":\"ImageObject\",\"@id\":\"https:\/\/tsarouchis.gr\/de\/#logo\",\"inLanguage\":\"de\",\"url\":\"https:\/\/tsarouchis.gr\/wp-content\/uploads\/2019\/07\/LogoW_Large.png\",\"width\":290,\"height\":285,\"caption\":\"Yannis Tsarouchis Foundation\"},\"image\":{\"@id\":\"https:\/\/tsarouchis.gr\/de\/#logo\"}},{\"@type\":\"WebSite\",\"@id\":\"https:\/\/tsarouchis.gr\/de\/#website\",\"url\":\"https:\/\/tsarouchis.gr\/de\/\",\"name\":\"Yannis Tsarouchis Foundation\",\"description\":\"Official web site of Tsarouchis foundation. Museum - Exhibitions - Shop - Information\",\"publisher\":{\"@id\":\"https:\/\/tsarouchis.gr\/de\/#organization\"},\"potentialAction\":[{\"@type\":\"SearchAction\",\"target\":\"https:\/\/tsarouchis.gr\/de\/?s={search_term_string}\",\"query-input\":\"required name=search_term_string\"}],\"inLanguage\":\"de\"},{\"@type\":\"WebPage\",\"@id\":\"https:\/\/tsarouchis.gr\/works-by-yannis-tsarouchis\/#webpage\",\"url\":\"https:\/\/tsarouchis.gr\/works-by-yannis-tsarouchis\/\",\"name\":\"WORKS BY YANNIS TSAROUCHIS - Yannis Tsarouchis Foundation\",\"isPartOf\":{\"@id\":\"https:\/\/tsarouchis.gr\/de\/#website\"},\"datePublished\":\"2019-07-25T20:14:16+00:00\",\"dateModified\":\"2021-01-03T00:26:06+00:00\",\"inLanguage\":\"de\",\"potentialAction\":[{\"@type\":\"ReadAction\",\"target\":[\"https:\/\/tsarouchis.gr\/works-by-yannis-tsarouchis\/\"]}]}]}<\/script>\n<!-- \/ Yoast SEO Premium plugin. -->","_links":{"self":[{"href":"https:\/\/tsarouchis.gr\/de\/wp-json\/wp\/v2\/pages\/262","targetHints":{"allow":["GET"]}}],"collection":[{"href":"https:\/\/tsarouchis.gr\/de\/wp-json\/wp\/v2\/pages"}],"about":[{"href":"https:\/\/tsarouchis.gr\/de\/wp-json\/wp\/v2\/types\/page"}],"author":[{"embeddable":true,"href":"https:\/\/tsarouchis.gr\/de\/wp-json\/wp\/v2\/users\/1"}],"replies":[{"embeddable":true,"href":"https:\/\/tsarouchis.gr\/de\/wp-json\/wp\/v2\/comments?post=262"}],"version-history":[{"count":34,"href":"https:\/\/tsarouchis.gr\/de\/wp-json\/wp\/v2\/pages\/262\/revisions"}],"predecessor-version":[{"id":2034,"href":"https:\/\/tsarouchis.gr\/de\/wp-json\/wp\/v2\/pages\/262\/revisions\/2034"}],"wp:attachment":[{"href":"https:\/\/tsarouchis.gr\/de\/wp-json\/wp\/v2\/media?parent=262"}],"wp:term":[{"taxonomy":"yst_prominent_words","embeddable":true,"href":"https:\/\/tsarouchis.gr\/de\/wp-json\/wp\/v2\/yst_prominent_words?post=262"}],"curies":[{"name":"wp","href":"https:\/\/api.w.org\/{rel}","templated":true}]}}