{"id":250,"date":"2019-07-25T20:07:53","date_gmt":"2019-07-25T20:07:53","guid":{"rendered":"http:\/\/tsarouchis.gr\/?page_id=250"},"modified":"2019-12-12T16:44:59","modified_gmt":"2019-12-12T13:44:59","slug":"educational-programs","status":"publish","type":"page","link":"http:\/\/tsarouchis.gr\/fr\/educational-programs\/","title":{"rendered":"PROGRAMMES \u00c9DUCATIFS"},"content":{"rendered":"<div data-elementor-type=\"wp-post\" data-elementor-id=\"250\" class=\"elementor elementor-250\" data-elementor-post-type=\"page\">\n\t\t\t\t\t\t<section class=\"elementor-section elementor-top-section elementor-element elementor-element-62281962 elementor-hidden-tablet elementor-hidden-phone elementor-section-boxed elementor-section-height-default elementor-section-height-default\" data-id=\"62281962\" data-element_type=\"section\" data-settings=\"{&quot;background_background&quot;:&quot;classic&quot;}\">\n\t\t\t\t\t\t<div class=\"elementor-container elementor-column-gap-default\">\n\t\t\t\t\t<div class=\"elementor-column elementor-col-100 elementor-top-column elementor-element elementor-element-604ebf95\" data-id=\"604ebf95\" data-element_type=\"column\">\n\t\t\t<div class=\"elementor-widget-wrap\">\n\t\t\t\t\t\t\t<\/div>\n\t\t<\/div>\n\t\t\t\t\t<\/div>\n\t\t<\/section>\n\t\t\t\t<section class=\"elementor-section elementor-top-section elementor-element elementor-element-5fb36643 elementor-section-boxed elementor-section-height-default elementor-section-height-default\" data-id=\"5fb36643\" data-element_type=\"section\" data-settings=\"{&quot;background_background&quot;:&quot;classic&quot;}\">\n\t\t\t\t\t\t<div class=\"elementor-container elementor-column-gap-default\">\n\t\t\t\t\t<div class=\"elementor-column elementor-col-33 elementor-top-column elementor-element elementor-element-77f7c4f5\" data-id=\"77f7c4f5\" data-element_type=\"column\">\n\t\t\t<div class=\"elementor-widget-wrap\">\n\t\t\t\t\t\t\t<\/div>\n\t\t<\/div>\n\t\t\t\t<div class=\"elementor-column elementor-col-33 elementor-top-column elementor-element elementor-element-1031a8bf\" data-id=\"1031a8bf\" data-element_type=\"column\" data-settings=\"{&quot;background_background&quot;:&quot;classic&quot;}\">\n\t\t\t<div class=\"elementor-widget-wrap elementor-element-populated\">\n\t\t\t\t\t\t<div class=\"elementor-element elementor-element-e67dcb4 elementor-widget elementor-widget-spacer\" data-id=\"e67dcb4\" data-element_type=\"widget\" data-widget_type=\"spacer.default\">\n\t\t\t\t<div class=\"elementor-widget-container\">\n\t\t\t\t\t\t\t<div class=\"elementor-spacer\">\n\t\t\t<div class=\"elementor-spacer-inner\"><\/div>\n\t\t<\/div>\n\t\t\t\t\t\t<\/div>\n\t\t\t\t<\/div>\n\t\t\t\t<div class=\"elementor-element elementor-element-64d6fbde elementor-widget elementor-widget-heading\" data-id=\"64d6fbde\" data-element_type=\"widget\" data-widget_type=\"heading.default\">\n\t\t\t\t<div class=\"elementor-widget-container\">\n\t\t\t\t\t<h2 class=\"elementor-heading-title elementor-size-xl\">PROGRAMMES \u00c9DUCATIFS POUR LES \u00c9COLES                                         <\/h2>\t\t\t\t<\/div>\n\t\t\t\t<\/div>\n\t\t\t\t<div class=\"elementor-element elementor-element-4dc2c212 elementor-widget elementor-widget-text-editor\" data-id=\"4dc2c212\" data-element_type=\"widget\" data-widget_type=\"text-editor.default\">\n\t\t\t\t<div class=\"elementor-widget-container\">\n\t\t\t\t\t\t\t\t\t<p>\u00a0\u00a0\u00a0 La Fondation Tsarouchis con\u00e7oit et met en \u0153uvre des programmes \u00e9ducatifs\n\nqui ont pour objet de transformer la visite du mus\u00e9e en une exp\u00e9rience\ndivertissante et cr\u00e9ative pour les enfants.<\/p><p>\u00a0\u00a0\u00a0 Les programmes \u00e9ducatifs de la Fondation, qui proc\u00e8dent par groupes de\nune trentaine de personnes sont organis\u00e9es, sur rendez-vous, le lundi\nau vendredi entre 9h et 14h. Ils s'adressent \u00e0 tous les\n\u00e9chelons de l'enseignement (pr\u00e9scolaire, primaire, secondaire et\nsup\u00e9rieur) et sont accessibles aux \u00e9tablissements publics et priv\u00e9s.<\/p><p>\u00a0\u00a0\u00a0 La visite guid\u00e9e est anim\u00e9e par des activit\u00e9s vari\u00e9es, ax\u00e9es sur les \u00e9l\u00e8ves,\nles invitant \u00e0 participer activement. L'imagination des enfants est stimul\u00e9e\npar un dialogue et des jeux th\u00e9\u00e2traux; ils se familiarisent ainsi avec les\nnotions, les modalit\u00e9s et les proc\u00e9d\u00e9s de la peinture et d\u00e9couvrent\nl'importance de l'observation, son r\u00f4le dans la compr\u00e9hension\n\nen profondeur, non seulement de la peinture, mais du monde pa \nen g\u00e9n\u00e9ral.<\/p><p>\u00a0\u00a0\u00a0 Ces premi\u00e8res activit\u00e9s d\u00e9bouchent sur la peinture elle-m\u00eame, les enfants\n\u00e9tant invit\u00e9s \u00e0 repr\u00e9senter sur le papier, \u00e0 la gouache et au crayon, ce qui\nles a frapp\u00e9s dans l'espace du mus\u00e9e.\n\nLa fondation organise r\u00e9guli\u00e8rement des manifestations comprenant des jeux,\ndes constructions et des expositions des \u0153uvres r\u00e9alis\u00e9es par les enfants.<\/p>\t\t\t\t\t\t\t\t<\/div>\n\t\t\t\t<\/div>\n\t\t\t\t<div class=\"elementor-element elementor-element-1dffd7a7 elementor-widget elementor-widget-text-editor\" data-id=\"1dffd7a7\" data-element_type=\"widget\" data-widget_type=\"text-editor.default\">\n\t\t\t\t<div class=\"elementor-widget-container\">\n\t\t\t\t\t\t\t\t\t<p>Contactez-nous pour plus d'informations et la planification<\/p>\t\t\t\t\t\t\t\t<\/div>\n\t\t\t\t<\/div>\n\t\t\t\t<div class=\"elementor-element elementor-element-e5e5490 elementor-view-stacked elementor-shape-square elementor-position-left elementor-hidden-phone elementor-mobile-position-top elementor-widget elementor-widget-icon-box\" data-id=\"e5e5490\" data-element_type=\"widget\" data-widget_type=\"icon-box.default\">\n\t\t\t\t<div class=\"elementor-widget-container\">\n\t\t\t\t\t\t\t<div class=\"elementor-icon-box-wrapper\">\n\n\t\t\t\t\t\t<div class=\"elementor-icon-box-icon\">\n\t\t\t\t<span  class=\"elementor-icon\">\n\t\t\t\t<i aria-hidden=\"true\" class=\"far fa-address-card\"><\/i>\t\t\t\t<\/span>\n\t\t\t<\/div>\n\t\t\t\n\t\t\t\t\t\t<div class=\"elementor-icon-box-content\">\n\n\t\t\t\t\t\t\t\t\t<h3 class=\"elementor-icon-box-title\">\n\t\t\t\t\t\t<span  >\n\t\t\t\t\t\t\tNous contacter\t\t\t\t\t\t<\/span>\n\t\t\t\t\t<\/h3>\n\t\t\t\t\n\t\t\t\t\t\t\t\t\t<p class=\"elementor-icon-box-description\">\n\t\t\t\t\t\tT\u00e9l\u00e9phone: +30 210 8062 636<br>E-Mail: info@tsarouchis-museum.org.gr\t\t\t\t\t<\/p>\n\t\t\t\t\n\t\t\t<\/div>\n\t\t\t\n\t\t<\/div>\n\t\t\t\t\t\t<\/div>\n\t\t\t\t<\/div>\n\t\t\t\t\t<\/div>\n\t\t<\/div>\n\t\t\t\t<div class=\"elementor-column elementor-col-33 elementor-top-column elementor-element elementor-element-2b56f160\" data-id=\"2b56f160\" data-element_type=\"column\">\n\t\t\t<div class=\"elementor-widget-wrap\">\n\t\t\t\t\t\t\t<\/div>\n\t\t<\/div>\n\t\t\t\t\t<\/div>\n\t\t<\/section>\n\t\t\t\t<section class=\"elementor-section elementor-top-section elementor-element elementor-element-3d30dcf elementor-hidden-desktop elementor-hidden-tablet elementor-section-boxed elementor-section-height-default elementor-section-height-default\" data-id=\"3d30dcf\" data-element_type=\"section\" data-settings=\"{&quot;background_background&quot;:&quot;classic&quot;}\">\n\t\t\t\t\t\t<div class=\"elementor-container elementor-column-gap-default\">\n\t\t\t\t\t<div class=\"elementor-column elementor-col-100 elementor-top-column elementor-element elementor-element-714861c\" data-id=\"714861c\" data-element_type=\"column\">\n\t\t\t<div class=\"elementor-widget-wrap elementor-element-populated\">\n\t\t\t\t\t\t<div class=\"elementor-element elementor-element-b8c10fa elementor-view-stacked elementor-shape-square elementor-widget__width-auto elementor-widget elementor-widget-icon\" data-id=\"b8c10fa\" data-element_type=\"widget\" data-widget_type=\"icon.default\">\n\t\t\t\t<div class=\"elementor-widget-container\">\n\t\t\t\t\t\t\t<div class=\"elementor-icon-wrapper\">\n\t\t\t<a class=\"elementor-icon\" href=\"http:\/\/telematics.oasa.gr\/en\/#main\">\n\t\t\t<i aria-hidden=\"true\" class=\"far fa-address-card\"><\/i>\t\t\t<\/a>\n\t\t<\/div>\n\t\t\t\t\t\t<\/div>\n\t\t\t\t<\/div>\n\t\t\t\t<div class=\"elementor-element elementor-element-a6e4fe6 elementor-widget__width-auto elementor-widget elementor-widget-text-editor\" data-id=\"a6e4fe6\" data-element_type=\"widget\" data-widget_type=\"text-editor.default\">\n\t\t\t\t<div class=\"elementor-widget-container\">\n\t\t\t\t\t\t\t\t\t<p><strong>Informations de contact<\/strong><br>T\u00e9l\u00e9phone: +30 210 8062 636<br>E-Mail: info@tsarouchis-museum.org.gr<\/p>\t\t\t\t\t\t\t\t<\/div>\n\t\t\t\t<\/div>\n\t\t\t\t\t<\/div>\n\t\t<\/div>\n\t\t\t\t\t<\/div>\n\t\t<\/section>\n\t\t\t\t<section class=\"elementor-section elementor-top-section elementor-element elementor-element-4f17746 elementor-section-boxed elementor-section-height-default elementor-section-height-default\" data-id=\"4f17746\" data-element_type=\"section\" data-settings=\"{&quot;background_background&quot;:&quot;classic&quot;}\">\n\t\t\t\t\t\t<div class=\"elementor-container elementor-column-gap-default\">\n\t\t\t\t\t<div class=\"elementor-column elementor-col-100 elementor-top-column elementor-element elementor-element-e3130c2\" data-id=\"e3130c2\" data-element_type=\"column\">\n\t\t\t<div class=\"elementor-widget-wrap elementor-element-populated\">\n\t\t\t\t\t\t<div class=\"elementor-element elementor-element-c5c58cf elementor-skin-carousel elementor-arrows-yes elementor-pagination-type-bullets elementor-pagination-position-outside elementor-widget elementor-widget-media-carousel\" data-id=\"c5c58cf\" data-element_type=\"widget\" data-settings=\"{&quot;slides_per_view&quot;:&quot;3&quot;,&quot;skin&quot;:&quot;carousel&quot;,&quot;effect&quot;:&quot;slide&quot;,&quot;show_arrows&quot;:&quot;yes&quot;,&quot;pagination&quot;:&quot;bullets&quot;,&quot;speed&quot;:500,&quot;autoplay&quot;:&quot;yes&quot;,&quot;autoplay_speed&quot;:5000,&quot;loop&quot;:&quot;yes&quot;,&quot;pause_on_hover&quot;:&quot;yes&quot;,&quot;pause_on_interaction&quot;:&quot;yes&quot;,&quot;space_between&quot;:{&quot;unit&quot;:&quot;px&quot;,&quot;size&quot;:10,&quot;sizes&quot;:[]},&quot;space_between_tablet&quot;:{&quot;unit&quot;:&quot;px&quot;,&quot;size&quot;:10,&quot;sizes&quot;:[]},&quot;space_between_mobile&quot;:{&quot;unit&quot;:&quot;px&quot;,&quot;size&quot;:10,&quot;sizes&quot;:[]}}\" data-widget_type=\"media-carousel.default\">\n\t\t\t\t<div class=\"elementor-widget-container\">\n\t\t\t\t\t\t\t\t\t<div class=\"elementor-swiper\">\n\t\t\t\t\t<div class=\"elementor-main-swiper swiper\" role=\"region\" aria-roledescription=\"carousel\" aria-label=\"Slides\">\n\t\t\t\t<div class=\"swiper-wrapper\">\n\t\t\t\t\t\t\t\t\t\t\t<div class=\"swiper-slide\" role=\"group\" aria-roledescription=\"slide\">\n\t\t\t\t\t\t\t\t\t<div class=\"elementor-carousel-image\" role=\"img\" aria-label=\"18700312_1366309640118963_2808047326385107747_n\" style=\"background-image: url(&#039;https:\/\/tsarouchis.gr\/wp-content\/uploads\/2019\/10\/18700312_1366309640118963_2808047326385107747_n.jpg&#039;)\">\n\n\t\t\t\n\t\t\t\t\t<\/div>\n\t\t\t\t\t\t\t\t<\/div>\n\t\t\t\t\t\t\t\t\t\t\t<div class=\"swiper-slide\" role=\"group\" aria-roledescription=\"slide\">\n\t\t\t\t\t\t\t\t\t<div class=\"elementor-carousel-image\" role=\"img\" aria-label=\"20228905_1417931788290081_6617164838754924506_n\" style=\"background-image: url(&#039;https:\/\/tsarouchis.gr\/wp-content\/uploads\/2019\/10\/20228905_1417931788290081_6617164838754924506_n.jpg&#039;)\">\n\n\t\t\t\n\t\t\t\t\t<\/div>\n\t\t\t\t\t\t\t\t<\/div>\n\t\t\t\t\t\t\t\t\t\t\t<div class=\"swiper-slide\" role=\"group\" aria-roledescription=\"slide\">\n\t\t\t\t\t\t\t\t\t<div class=\"elementor-carousel-image\" role=\"img\" aria-label=\"33085405_1702683669814890_6396255121872781312_n\" style=\"background-image: url(&#039;https:\/\/tsarouchis.gr\/wp-content\/uploads\/2019\/10\/33085405_1702683669814890_6396255121872781312_n.jpg&#039;)\">\n\n\t\t\t\n\t\t\t\t\t<\/div>\n\t\t\t\t\t\t\t\t<\/div>\n\t\t\t\t\t\t\t\t\t\t\t<div class=\"swiper-slide\" role=\"group\" aria-roledescription=\"slide\">\n\t\t\t\t\t\t\t\t\t<div class=\"elementor-carousel-image\" role=\"img\" aria-label=\"IMG_2121\" style=\"background-image: url(&#039;https:\/\/tsarouchis.gr\/wp-content\/uploads\/2019\/10\/IMG_2121.jpg&#039;)\">\n\n\t\t\t\n\t\t\t\t\t<\/div>\n\t\t\t\t\t\t\t\t<\/div>\n\t\t\t\t\t\t\t\t\t<\/div>\n\t\t\t\t\t\t\t\t\t\t\t\t\t\t\t<div class=\"elementor-swiper-button elementor-swiper-button-prev\" role=\"button\" tabindex=\"0\" aria-label=\"Previous\">\n\t\t\t\t\t\t\t<i aria-hidden=\"true\" class=\"eicon-chevron-left\"><\/i>\t\t\t\t\t\t<\/div>\n\t\t\t\t\t\t<div class=\"elementor-swiper-button elementor-swiper-button-next\" role=\"button\" tabindex=\"0\" aria-label=\"Next\">\n\t\t\t\t\t\t\t<i aria-hidden=\"true\" class=\"eicon-chevron-right\"><\/i>\t\t\t\t\t\t<\/div>\n\t\t\t\t\t\t\t\t\t\t\t\t\t\t\t\t<div class=\"swiper-pagination\"><\/div>\n\t\t\t\t\t\t\t\t\t\t\t\t<\/div>\n\t\t\t\t<\/div>\n\t\t\t\t\t\t\t\t<\/div>\n\t\t\t\t<\/div>\n\t\t\t\t\t<\/div>\n\t\t<\/div>\n\t\t\t\t\t<\/div>\n\t\t<\/section>\n\t\t\t\t<\/div>","protected":false},"excerpt":{"rendered":"<p>EDUCATIONAL PROGRAMS FOR SCHOOLS &nbsp;&nbsp;&nbsp; The Tsarouchis Foundation designs and runs Educational Programs aimed at transforming a visit to the Museum into a pleasant and creative experience for children. &nbsp;&nbsp;&nbsp; The educational programs of the Foundation are organised in groups of about 30, and are offered from Monday to Friday, 09:00-14:00, after contacting the Museum. &#8230; <a title=\"PROGRAMMES \u00c9DUCATIFS\" class=\"read-more\" href=\"http:\/\/tsarouchis.gr\/fr\/educational-programs\/\" aria-label=\"En savoir plus sur EDUCATIONAL PROGRAMS\">Lire la suite<\/a><\/p>","protected":false},"author":1,"featured_media":0,"parent":0,"menu_order":8,"comment_status":"closed","ping_status":"closed","template":"","meta":{"footnotes":""},"yst_prominent_words":[57,53,50,49,55,52,58,51,56,54],"class_list":["post-250","page","type-page","status-publish"],"yoast_head":"<!-- This site is optimized with the Yoast SEO Premium plugin v14.1 - https:\/\/yoast.com\/wordpress\/plugins\/seo\/ -->\n<title>EDUCATIONAL PROGRAMS - Yannis Tsarouchis Foundation<\/title>\n<meta name=\"description\" content=\"The Tsarouchis Foundation designs and runs Educational Programs aimed at transforming a visit to the Museum into a pleasant and creative experience for children.\" \/>\n<meta name=\"robots\" content=\"index, follow\" \/>\n<meta name=\"googlebot\" content=\"index, follow, max-snippet:-1, max-image-preview:large, max-video-preview:-1\" \/>\n<meta name=\"bingbot\" content=\"index, follow, max-snippet:-1, max-image-preview:large, max-video-preview:-1\" \/>\n<link rel=\"canonical\" href=\"https:\/\/tsarouchis.gr\/fr\/educational-programs\/\" \/>\n<meta property=\"og:locale\" content=\"fr_FR\" \/>\n<meta property=\"og:type\" content=\"article\" \/>\n<meta property=\"og:title\" content=\"EDUCATIONAL PROGRAMS - Yannis Tsarouchis Foundation\" \/>\n<meta property=\"og:description\" content=\"The Tsarouchis Foundation designs and runs Educational Programs aimed at transforming a visit to the Museum into a pleasant and creative experience for children.\" \/>\n<meta property=\"og:url\" content=\"https:\/\/tsarouchis.gr\/fr\/educational-programs\/\" \/>\n<meta property=\"og:site_name\" content=\"Yannis Tsarouchis Foundation\" \/>\n<meta property=\"article:publisher\" content=\"https:\/\/www.facebook.com\/YannisTsarouchisFoundation\/\" \/>\n<meta property=\"article:modified_time\" content=\"2019-12-12T13:44:59+00:00\" \/>\n<meta property=\"og:image\" content=\"https:\/\/tsarouchis.gr\/wp-content\/uploads\/2019\/07\/it_685.jpg\" \/>\n\t<meta property=\"og:image:width\" content=\"318\" \/>\n\t<meta property=\"og:image:height\" content=\"445\" \/>\n<meta name=\"twitter:card\" content=\"summary_large_image\" \/>\n<script type=\"application\/ld+json\" class=\"yoast-schema-graph\">{\"@context\":\"https:\/\/schema.org\",\"@graph\":[{\"@type\":\"Organization\",\"@id\":\"http:\/\/tsarouchis.gr\/fr\/#organization\",\"name\":\"Yannis Tsarouchis Foundation\",\"url\":\"http:\/\/tsarouchis.gr\/fr\/\",\"sameAs\":[\"https:\/\/www.facebook.com\/YannisTsarouchisFoundation\/\",\"https:\/\/en.wikipedia.org\/wiki\/Yannis_Tsarouchis\"],\"logo\":{\"@type\":\"ImageObject\",\"@id\":\"http:\/\/tsarouchis.gr\/fr\/#logo\",\"inLanguage\":\"fr-FR\",\"url\":\"https:\/\/tsarouchis.gr\/wp-content\/uploads\/2019\/07\/LogoW_Large.png\",\"width\":290,\"height\":285,\"caption\":\"Yannis Tsarouchis Foundation\"},\"image\":{\"@id\":\"http:\/\/tsarouchis.gr\/fr\/#logo\"}},{\"@type\":\"WebSite\",\"@id\":\"http:\/\/tsarouchis.gr\/fr\/#website\",\"url\":\"http:\/\/tsarouchis.gr\/fr\/\",\"name\":\"Yannis Tsarouchis Foundation\",\"description\":\"Official web site of Tsarouchis foundation. Museum - Exhibitions - Shop - Information\",\"publisher\":{\"@id\":\"http:\/\/tsarouchis.gr\/fr\/#organization\"},\"potentialAction\":[{\"@type\":\"SearchAction\",\"target\":\"http:\/\/tsarouchis.gr\/fr\/?s={search_term_string}\",\"query-input\":\"required name=search_term_string\"}],\"inLanguage\":\"fr-FR\"},{\"@type\":\"WebPage\",\"@id\":\"https:\/\/tsarouchis.gr\/en\/educational-programs\/#webpage\",\"url\":\"https:\/\/tsarouchis.gr\/en\/educational-programs\/\",\"name\":\"EDUCATIONAL PROGRAMS - Yannis Tsarouchis Foundation\",\"isPartOf\":{\"@id\":\"http:\/\/tsarouchis.gr\/fr\/#website\"},\"datePublished\":\"2019-07-25T20:07:53+00:00\",\"dateModified\":\"2019-12-12T13:44:59+00:00\",\"description\":\"The Tsarouchis Foundation designs and runs Educational Programs aimed at transforming a visit to the Museum into a pleasant and creative experience for children.\",\"inLanguage\":\"fr-FR\",\"potentialAction\":[{\"@type\":\"ReadAction\",\"target\":[\"https:\/\/tsarouchis.gr\/en\/educational-programs\/\"]}]}]}<\/script>\n<!-- \/ Yoast SEO Premium plugin. -->","_links":{"self":[{"href":"http:\/\/tsarouchis.gr\/fr\/wp-json\/wp\/v2\/pages\/250","targetHints":{"allow":["GET"]}}],"collection":[{"href":"http:\/\/tsarouchis.gr\/fr\/wp-json\/wp\/v2\/pages"}],"about":[{"href":"http:\/\/tsarouchis.gr\/fr\/wp-json\/wp\/v2\/types\/page"}],"author":[{"embeddable":true,"href":"http:\/\/tsarouchis.gr\/fr\/wp-json\/wp\/v2\/users\/1"}],"replies":[{"embeddable":true,"href":"http:\/\/tsarouchis.gr\/fr\/wp-json\/wp\/v2\/comments?post=250"}],"version-history":[{"count":19,"href":"http:\/\/tsarouchis.gr\/fr\/wp-json\/wp\/v2\/pages\/250\/revisions"}],"predecessor-version":[{"id":1694,"href":"http:\/\/tsarouchis.gr\/fr\/wp-json\/wp\/v2\/pages\/250\/revisions\/1694"}],"wp:attachment":[{"href":"http:\/\/tsarouchis.gr\/fr\/wp-json\/wp\/v2\/media?parent=250"}],"wp:term":[{"taxonomy":"yst_prominent_words","embeddable":true,"href":"http:\/\/tsarouchis.gr\/fr\/wp-json\/wp\/v2\/yst_prominent_words?post=250"}],"curies":[{"name":"wp","href":"https:\/\/api.w.org\/{rel}","templated":true}]}}