{"id":248,"date":"2019-07-25T20:06:49","date_gmt":"2019-07-25T20:06:49","guid":{"rendered":"http:\/\/tsarouchis.gr\/?page_id=248"},"modified":"2021-01-03T03:02:33","modified_gmt":"2021-01-03T00:02:33","slug":"foundation","status":"publish","type":"page","link":"http:\/\/tsarouchis.gr\/fr\/foundation\/","title":{"rendered":"FONDATION"},"content":{"rendered":"<div data-elementor-type=\"wp-post\" data-elementor-id=\"248\" class=\"elementor elementor-248\" data-elementor-post-type=\"page\">\n\t\t\t\t\t\t<section class=\"elementor-section elementor-top-section elementor-element elementor-element-370e5d35 elementor-section-boxed elementor-section-height-default elementor-section-height-default\" data-id=\"370e5d35\" data-element_type=\"section\" data-settings=\"{&quot;background_background&quot;:&quot;classic&quot;}\">\n\t\t\t\t\t\t\t<div class=\"elementor-background-overlay\"><\/div>\n\t\t\t\t\t\t\t<div class=\"elementor-container elementor-column-gap-default\">\n\t\t\t\t\t<div class=\"elementor-column elementor-col-100 elementor-top-column elementor-element elementor-element-19864734\" data-id=\"19864734\" data-element_type=\"column\">\n\t\t\t<div class=\"elementor-widget-wrap elementor-element-populated\">\n\t\t\t\t\t\t<div class=\"elementor-element elementor-element-37157cda elementor-widget elementor-widget-heading\" data-id=\"37157cda\" data-element_type=\"widget\" data-widget_type=\"heading.default\">\n\t\t\t\t<div class=\"elementor-widget-container\">\n\t\t\t\t\t<h2 class=\"elementor-heading-title elementor-size-xl\">LA FONDATION                                          <\/h2>\t\t\t\t<\/div>\n\t\t\t\t<\/div>\n\t\t\t\t<div class=\"elementor-element elementor-element-2b0a2c12 elementor-widget elementor-widget-text-editor\" data-id=\"2b0a2c12\" data-element_type=\"widget\" data-widget_type=\"text-editor.default\">\n\t\t\t\t<div class=\"elementor-widget-container\">\n\t\t\t\t\t\t\t\t\t<p>La fondation Yannis Tsarouchis a \u00e9t\u00e9 cr\u00e9\u00e9e en 1981.<\/p><p>Le si\u00e8ge de la Fondation se trouve \u00e0 Maroussi, dans\nun b\u00e2timent sis 28, rue Ploutarchou, qui abrite\n\u00e9galement le mus\u00e9e. D'abord compos\u00e9 de six\nmembres d\u00e9sign\u00e9s \u00e0 vie par Yannis Tsarouchis et\npr\u00e9sid\u00e9 par l'artiste lui-m\u00eame jusqu'\u00e0 son d\u00e9c\u00e8s en\n1989, le Conseil d'administration de la fondation ne\ncompte plus aujourd'hui que cinq membres.<\/p><p><strong>La fondation a pour objet:<\/strong><\/p><ul><li>De constituer une collection aussi compl\u00e8te que\npossible des \u0153uvres du fondateur, soit une collection\n\u00e0 la fois vaste et repr\u00e9sentative de toutes les\norientations et techniques de l'artiste; et de proc\u00e9der \u00e0 leur inventaire d\u00e9taill\u00e9 et \u00e0 leur\nconservation syst\u00e9matique, dans le respect des\nnormes mus\u00e9ologiques internationales.<\/li><\/ul><ul><li>De diffuser l'\u0153uvre de Yannis Tsarouchis \u00e0 travers\nune s\u00e9rie d'activit\u00e9s telles que :<ul><li>L'organisation d'expositions d'\u0153uvres du peintre\nau si\u00e8ge de la fondation ou dans d'autres espaces;<\/li><li>La participation de la Fondation \u00e0 des\nmanifestations organis\u00e9es par d'autres instances;<\/li><li>Le pr\u00eat d'\u0153uvres appartenant aux collections\nde la Fondation;<\/li><li>L'\u00e9dition d'ouvrages portant, non seulement sur\nl'\u0153uvre picturale de Yannis Tsarouchis, mais aussi\nsur son travail d'auteur, de traducteur et de\nsc\u00e9nographe;<\/li><li>L'aide et le soutien de chercheurs se consacrant\n\u00e0 l'\u00e9tude de l'\u0153uvre de l'artiste.<\/li><\/ul><\/li><\/ul><p style=\"text-align: left;\">La Fondation d\u00e9tient les droits de propri\u00e9t\u00e9\nintellectuelle de l'ensemble de l'\u0153uvre de Yannis\nTsarouchis (cr\u00e9ations plastiques et \u0153uvres \u00e9crites).<\/p>\t\t\t\t\t\t\t\t<\/div>\n\t\t\t\t<\/div>\n\t\t\t\t<div class=\"elementor-element elementor-element-2ba7687c elementor-widget-divider--view-line elementor-widget elementor-widget-divider\" data-id=\"2ba7687c\" data-element_type=\"widget\" data-widget_type=\"divider.default\">\n\t\t\t\t<div class=\"elementor-widget-container\">\n\t\t\t\t\t\t\t<div class=\"elementor-divider\">\n\t\t\t<span class=\"elementor-divider-separator\">\n\t\t\t\t\t\t<\/span>\n\t\t<\/div>\n\t\t\t\t\t\t<\/div>\n\t\t\t\t<\/div>\n\t\t\t\t\t<\/div>\n\t\t<\/div>\n\t\t\t\t\t<\/div>\n\t\t<\/section>\n\t\t\t\t<section class=\"elementor-section elementor-top-section elementor-element elementor-element-7d1ba044 elementor-section-boxed elementor-section-height-default elementor-section-height-default\" data-id=\"7d1ba044\" data-element_type=\"section\">\n\t\t\t\t\t\t<div class=\"elementor-container elementor-column-gap-default\">\n\t\t\t\t\t<div class=\"elementor-column elementor-col-100 elementor-top-column elementor-element elementor-element-1a7dfae6\" data-id=\"1a7dfae6\" data-element_type=\"column\">\n\t\t\t<div class=\"elementor-widget-wrap elementor-element-populated\">\n\t\t\t\t\t\t<div class=\"elementor-element elementor-element-7aac91f elementor-widget elementor-widget-menu-anchor\" data-id=\"7aac91f\" data-element_type=\"widget\" data-widget_type=\"menu-anchor.default\">\n\t\t\t\t<div class=\"elementor-widget-container\">\n\t\t\t\t\t\t\t<div class=\"elementor-menu-anchor\" id=\"TheBuilding\"><\/div>\n\t\t\t\t\t\t<\/div>\n\t\t\t\t<\/div>\n\t\t\t\t<div class=\"elementor-element elementor-element-5ffb9fd3 elementor-widget elementor-widget-spacer\" data-id=\"5ffb9fd3\" data-element_type=\"widget\" data-widget_type=\"spacer.default\">\n\t\t\t\t<div class=\"elementor-widget-container\">\n\t\t\t\t\t\t\t<div class=\"elementor-spacer\">\n\t\t\t<div class=\"elementor-spacer-inner\"><\/div>\n\t\t<\/div>\n\t\t\t\t\t\t<\/div>\n\t\t\t\t<\/div>\n\t\t\t\t\t<\/div>\n\t\t<\/div>\n\t\t\t\t\t<\/div>\n\t\t<\/section>\n\t\t\t\t<section class=\"elementor-section elementor-top-section elementor-element elementor-element-15109a3d elementor-section-boxed elementor-section-height-default elementor-section-height-default\" data-id=\"15109a3d\" data-element_type=\"section\" data-settings=\"{&quot;background_background&quot;:&quot;classic&quot;}\">\n\t\t\t\t\t\t\t<div class=\"elementor-background-overlay\"><\/div>\n\t\t\t\t\t\t\t<div class=\"elementor-container elementor-column-gap-default\">\n\t\t\t\t\t<div class=\"elementor-column elementor-col-100 elementor-top-column elementor-element elementor-element-23aa91ee\" data-id=\"23aa91ee\" data-element_type=\"column\">\n\t\t\t<div class=\"elementor-widget-wrap elementor-element-populated\">\n\t\t\t\t\t\t<div class=\"elementor-element elementor-element-4b0b0f7a elementor-widget elementor-widget-heading\" data-id=\"4b0b0f7a\" data-element_type=\"widget\" data-widget_type=\"heading.default\">\n\t\t\t\t<div class=\"elementor-widget-container\">\n\t\t\t\t\t<h2 class=\"elementor-heading-title elementor-size-xl\">LE B\u00c2TIMENT<\/h2>\t\t\t\t<\/div>\n\t\t\t\t<\/div>\n\t\t\t\t<section class=\"elementor-section elementor-inner-section elementor-element elementor-element-4956d5b9 elementor-section-boxed elementor-section-height-default elementor-section-height-default\" data-id=\"4956d5b9\" data-element_type=\"section\">\n\t\t\t\t\t\t<div class=\"elementor-container elementor-column-gap-default\">\n\t\t\t\t\t<div class=\"elementor-column elementor-col-50 elementor-inner-column elementor-element elementor-element-69600c20\" data-id=\"69600c20\" data-element_type=\"column\">\n\t\t\t<div class=\"elementor-widget-wrap elementor-element-populated\">\n\t\t\t\t\t\t<div class=\"elementor-element elementor-element-40d3a937 elementor-widget elementor-widget-text-editor\" data-id=\"40d3a937\" data-element_type=\"widget\" data-widget_type=\"text-editor.default\">\n\t\t\t\t<div class=\"elementor-widget-container\">\n\t\t\t\t\t\t\t\t\t<p>La Fondation si\u00e8ge dans un b\u00e2timent \u00e0 deux niveaux sur\nsous-sol, surmont\u00e9s d'un atelier occupant une partie du toit\nen terrasse. Yannis Tsarouchis en a lui-m\u00eame dessin\u00e9 les\nplans et supervis\u00e9 les travaux de construction. Class\u00e9 par le\nminist\u00e8re de l'Environnement, de l'Am\u00e9nagement du\nterritoire et des Travaux publics en 1985, ainsi que par le\nd\u00e9partement des Monuments modernes du minist\u00e8re de la\nCulture en 2002, le b\u00e2timent est inscrit \u00e0 l'inventaire du\npatrimoine national.<\/p><p>Le rez-de-chauss\u00e9e du b\u00e2timent, o\u00f9 habitait l'artiste, abrite\naujourd'hui une petite boutique qui propose des\ns\u00e9rigraphies, des affiches et des cartes repr\u00e9sentant des\n\u0153uvres de Yannis Tsarouchis, des copies ou des objets\ninspir\u00e9s de ses \u0153uvres, ainsi que des ouvrages sur son\n\u0153uvre plastique ou son travail d'\u00e9crivain.\n\nL'\u00e9tage et l'atelier abritent l'espace d'exposition, lequel\n\na conserv\u00e9 l'agencement que lui avait donn\u00e9 l'artiste. Pour\ndes raisons de place, seule une partie de la riche collection\nd'\u0153uvres que poss\u00e8de la Fondation y est expos\u00e9e. Le reste\nest pr\u00e9sent\u00e9 dans le cadre d'expositions p\u00e9riodiques.<\/p>\t\t\t\t\t\t\t\t<\/div>\n\t\t\t\t<\/div>\n\t\t\t\t\t<\/div>\n\t\t<\/div>\n\t\t\t\t<div class=\"elementor-column elementor-col-50 elementor-inner-column elementor-element elementor-element-7c3521b7\" data-id=\"7c3521b7\" data-element_type=\"column\" data-settings=\"{&quot;background_background&quot;:&quot;classic&quot;}\">\n\t\t\t<div class=\"elementor-widget-wrap\">\n\t\t\t\t\t\t\t<\/div>\n\t\t<\/div>\n\t\t\t\t\t<\/div>\n\t\t<\/section>\n\t\t\t\t\t<\/div>\n\t\t<\/div>\n\t\t\t\t\t<\/div>\n\t\t<\/section>\n\t\t\t\t<section class=\"elementor-section elementor-top-section elementor-element elementor-element-2201150a elementor-section-boxed elementor-section-height-default elementor-section-height-default\" data-id=\"2201150a\" data-element_type=\"section\" data-settings=\"{&quot;background_background&quot;:&quot;classic&quot;}\">\n\t\t\t\t\t\t\t<div class=\"elementor-background-overlay\"><\/div>\n\t\t\t\t\t\t\t<div class=\"elementor-container elementor-column-gap-default\">\n\t\t\t\t\t<div class=\"elementor-column elementor-col-100 elementor-top-column elementor-element elementor-element-2803a418\" data-id=\"2803a418\" data-element_type=\"column\">\n\t\t\t<div class=\"elementor-widget-wrap elementor-element-populated\">\n\t\t\t\t\t\t<div class=\"elementor-element elementor-element-5b631d6e elementor-widget-divider--view-line elementor-widget elementor-widget-divider\" data-id=\"5b631d6e\" data-element_type=\"widget\" data-widget_type=\"divider.default\">\n\t\t\t\t<div class=\"elementor-widget-container\">\n\t\t\t\t\t\t\t<div class=\"elementor-divider\">\n\t\t\t<span class=\"elementor-divider-separator\">\n\t\t\t\t\t\t<\/span>\n\t\t<\/div>\n\t\t\t\t\t\t<\/div>\n\t\t\t\t<\/div>\n\t\t\t\t<div class=\"elementor-element elementor-element-67ab9557 elementor-widget elementor-widget-heading\" data-id=\"67ab9557\" data-element_type=\"widget\" data-widget_type=\"heading.default\">\n\t\t\t\t<div class=\"elementor-widget-container\">\n\t\t\t\t\t<h2 class=\"elementor-heading-title elementor-size-xl\">Espaces d'exposition<\/h2>\t\t\t\t<\/div>\n\t\t\t\t<\/div>\n\t\t\t\t<div class=\"elementor-element elementor-element-61ae848d elementor--h-position-center elementor--v-position-middle elementor-arrows-position-inside elementor-pagination-position-inside elementor-widget elementor-widget-slides\" data-id=\"61ae848d\" data-element_type=\"widget\" data-settings=\"{&quot;transition&quot;:&quot;fade&quot;,&quot;navigation&quot;:&quot;both&quot;,&quot;autoplay&quot;:&quot;yes&quot;,&quot;pause_on_hover&quot;:&quot;yes&quot;,&quot;pause_on_interaction&quot;:&quot;yes&quot;,&quot;autoplay_speed&quot;:5000,&quot;infinite&quot;:&quot;yes&quot;,&quot;transition_speed&quot;:500}\" data-widget_type=\"slides.default\">\n\t\t\t\t<div class=\"elementor-widget-container\">\n\t\t\t\t\t\t\t\t\t<div class=\"elementor-swiper\">\n\t\t\t\t\t<div class=\"elementor-slides-wrapper elementor-main-swiper swiper\" role=\"region\" aria-roledescription=\"carousel\" aria-label=\"Slides\" dir=\"ltr\" data-animation=\"\">\n\t\t\t\t<div class=\"swiper-wrapper elementor-slides\">\n\t\t\t\t\t\t\t\t\t\t<div class=\"elementor-repeater-item-f43a243 swiper-slide\" role=\"group\" aria-roledescription=\"slide\"><div class=\"swiper-slide-bg\" role=\"img\" aria-label=\"first_floor_2\"><\/div><div class=\"swiper-slide-inner\" ><div class=\"swiper-slide-contents\"><div  class=\"elementor-button elementor-slide-button elementor-size-sm\">premier \u00e9tage<\/div><\/div><\/div><\/div><div class=\"elementor-repeater-item-a7d457e swiper-slide\" role=\"group\" aria-roledescription=\"slide\"><div class=\"swiper-slide-bg\" role=\"img\" aria-label=\"first_floor\"><\/div><div class=\"swiper-slide-inner\" ><div class=\"swiper-slide-contents\"><div  class=\"elementor-button elementor-slide-button elementor-size-sm\">premier \u00e9tage<\/div><\/div><\/div><\/div><div class=\"elementor-repeater-item-b62fbaa swiper-slide\" role=\"group\" aria-roledescription=\"slide\"><div class=\"swiper-slide-bg\" role=\"img\" aria-label=\"Atelier de la terrasse\"><\/div><div class=\"swiper-slide-inner\" ><div class=\"swiper-slide-contents\"><div  class=\"elementor-button elementor-slide-button elementor-size-sm\">Atelier de la terrasse<\/div><\/div><\/div><\/div><div class=\"elementor-repeater-item-bb64896 swiper-slide\" role=\"group\" aria-roledescription=\"slide\"><div class=\"swiper-slide-bg\" role=\"img\" aria-label=\"attic_2\"><\/div><div class=\"swiper-slide-inner\" ><div class=\"swiper-slide-contents\"><div  class=\"elementor-button elementor-slide-button elementor-size-sm\">Atelier de la terrasse<\/div><\/div><\/div><\/div>\t\t\t\t<\/div>\n\t\t\t\t\t\t\t\t\t\t\t\t\t\t\t<div class=\"elementor-swiper-button elementor-swiper-button-prev\" role=\"button\" tabindex=\"0\" aria-label=\"Previous slide\">\n\t\t\t\t\t\t\t<i aria-hidden=\"true\" class=\"eicon-chevron-left\"><\/i>\t\t\t\t\t\t<\/div>\n\t\t\t\t\t\t<div class=\"elementor-swiper-button elementor-swiper-button-next\" role=\"button\" tabindex=\"0\" aria-label=\"Next slide\">\n\t\t\t\t\t\t\t<i aria-hidden=\"true\" class=\"eicon-chevron-right\"><\/i>\t\t\t\t\t\t<\/div>\n\t\t\t\t\t\t\t\t\t\t\t\t\t\t\t\t<div class=\"swiper-pagination\"><\/div>\n\t\t\t\t\t\t\t\t\t\t\t\t<\/div>\n\t\t\t\t<\/div>\n\t\t\t\t\t\t\t\t<\/div>\n\t\t\t\t<\/div>\n\t\t\t\t\t<\/div>\n\t\t<\/div>\n\t\t\t\t\t<\/div>\n\t\t<\/section>\n\t\t\t\t<section class=\"elementor-section elementor-top-section elementor-element elementor-element-02e39ec elementor-section-boxed elementor-section-height-default elementor-section-height-default\" data-id=\"02e39ec\" data-element_type=\"section\">\n\t\t\t\t\t\t<div class=\"elementor-container elementor-column-gap-default\">\n\t\t\t\t\t<div class=\"elementor-column elementor-col-100 elementor-top-column elementor-element elementor-element-c4c42f5\" data-id=\"c4c42f5\" data-element_type=\"column\">\n\t\t\t<div class=\"elementor-widget-wrap elementor-element-populated\">\n\t\t\t\t\t\t<div class=\"elementor-element elementor-element-948344a elementor-widget elementor-widget-spacer\" data-id=\"948344a\" data-element_type=\"widget\" data-widget_type=\"spacer.default\">\n\t\t\t\t<div class=\"elementor-widget-container\">\n\t\t\t\t\t\t\t<div class=\"elementor-spacer\">\n\t\t\t<div class=\"elementor-spacer-inner\"><\/div>\n\t\t<\/div>\n\t\t\t\t\t\t<\/div>\n\t\t\t\t<\/div>\n\t\t\t\t\t<\/div>\n\t\t<\/div>\n\t\t\t\t\t<\/div>\n\t\t<\/section>\n\t\t\t\t<section class=\"elementor-section elementor-top-section elementor-element elementor-element-1645c9f9 elementor-section-boxed elementor-section-height-default elementor-section-height-default\" data-id=\"1645c9f9\" data-element_type=\"section\" data-settings=\"{&quot;background_background&quot;:&quot;classic&quot;}\">\n\t\t\t\t\t\t<div class=\"elementor-container elementor-column-gap-default\">\n\t\t\t\t\t<div class=\"elementor-column elementor-col-100 elementor-top-column elementor-element elementor-element-77185346\" data-id=\"77185346\" data-element_type=\"column\">\n\t\t\t<div class=\"elementor-widget-wrap elementor-element-populated\">\n\t\t\t\t\t\t<div class=\"elementor-element elementor-element-4aecc462 elementor-cta--layout-image-left elementor-cta--mobile-layout-image-above elementor-cta--skin-classic elementor-animated-content elementor-bg-transform elementor-bg-transform-zoom-in elementor-widget elementor-widget-call-to-action\" data-id=\"4aecc462\" data-element_type=\"widget\" data-widget_type=\"call-to-action.default\">\n\t\t\t\t<div class=\"elementor-widget-container\">\n\t\t\t\t\t\t\t<a class=\"elementor-cta\" href=\"http:\/\/tsarouchis.gr\/fr\/exhibitions\/\">\n\t\t\t\t\t\t\t<div class=\"elementor-cta__content\">\n\t\t\t\t\n\t\t\t\t\t\t\t\t\t<h2 class=\"elementor-cta__title elementor-cta__content-item elementor-content-item\">\n\t\t\t\t\t\tvoir \u00e9galement\t\t\t\t\t<\/h2>\n\t\t\t\t\n\t\t\t\t\t\t\t\t\t<div class=\"elementor-cta__description elementor-cta__content-item elementor-content-item\">\n\t\t\t\t\t\tExhibitions\/Event Chronology\t\t\t\t\t<\/div>\n\t\t\t\t\n\t\t\t\t\t\t\t\t\t<div class=\"elementor-cta__button-wrapper elementor-cta__content-item elementor-content-item\">\n\t\t\t\t\t<span class=\"elementor-cta__button elementor-button elementor-size-\">\n\t\t\t\t\t\tCliquez ici\t\t\t\t\t<\/span>\n\t\t\t\t\t<\/div>\n\t\t\t\t\t\t\t<\/div>\n\t\t\t\t\t\t<\/a>\n\t\t\t\t\t\t<\/div>\n\t\t\t\t<\/div>\n\t\t\t\t\t<\/div>\n\t\t<\/div>\n\t\t\t\t\t<\/div>\n\t\t<\/section>\n\t\t\t\t<\/div>","protected":false},"excerpt":{"rendered":"<p>THE FOUNDATION The Yannis Tsarouchis Foundation\u00a0 was created in 1981. The headquarters of the Foundation are in Maroussi, in the building at Ploutarchou Street 28 in which the Museum is also housed. According to its charter, it is governed by a five-member Board, the founding members of which are appointed for life. The members of &#8230; <a title=\"FONDATION\" class=\"read-more\" href=\"http:\/\/tsarouchis.gr\/fr\/foundation\/\" aria-label=\"En savoir plus sur FOUNDATION\">Lire la suite<\/a><\/p>","protected":false},"author":1,"featured_media":0,"parent":0,"menu_order":5,"comment_status":"closed","ping_status":"closed","template":"","meta":{"footnotes":""},"yst_prominent_words":[71,60,67,68,59,63,69,74,66,61,64,55,70,73,24,65,72,62,10],"class_list":["post-248","page","type-page","status-publish"],"yoast_head":"<!-- This site is optimized with the Yoast SEO Premium plugin v14.1 - https:\/\/yoast.com\/wordpress\/plugins\/seo\/ -->\n<title>FOUNDATION - Yannis Tsarouchis Foundation<\/title>\n<meta name=\"description\" content=\"The Yannis Tsarouchis Foundation was created in 1981.......\" \/>\n<meta name=\"robots\" content=\"index, follow\" \/>\n<meta name=\"googlebot\" content=\"index, follow, max-snippet:-1, max-image-preview:large, max-video-preview:-1\" \/>\n<meta name=\"bingbot\" content=\"index, follow, max-snippet:-1, max-image-preview:large, max-video-preview:-1\" \/>\n<link rel=\"canonical\" href=\"https:\/\/tsarouchis.gr\/fr\/foundation\/\" \/>\n<meta property=\"og:locale\" content=\"fr_FR\" \/>\n<meta property=\"og:type\" content=\"article\" \/>\n<meta property=\"og:title\" content=\"FOUNDATION - Yannis Tsarouchis Foundation\" \/>\n<meta property=\"og:description\" content=\"The Yannis Tsarouchis Foundation was created in 1981.......\" \/>\n<meta property=\"og:url\" content=\"https:\/\/tsarouchis.gr\/fr\/foundation\/\" \/>\n<meta property=\"og:site_name\" content=\"Yannis Tsarouchis Foundation\" \/>\n<meta property=\"article:publisher\" content=\"https:\/\/www.facebook.com\/YannisTsarouchisFoundation\/\" \/>\n<meta property=\"article:modified_time\" content=\"2021-01-03T00:02:33+00:00\" \/>\n<meta property=\"og:image\" content=\"https:\/\/tsarouchis.gr\/wp-content\/uploads\/2019\/07\/it_685.jpg\" \/>\n\t<meta property=\"og:image:width\" content=\"318\" \/>\n\t<meta property=\"og:image:height\" content=\"445\" \/>\n<meta name=\"twitter:card\" content=\"summary_large_image\" \/>\n<script type=\"application\/ld+json\" class=\"yoast-schema-graph\">{\"@context\":\"https:\/\/schema.org\",\"@graph\":[{\"@type\":\"Organization\",\"@id\":\"http:\/\/tsarouchis.gr\/fr\/#organization\",\"name\":\"Yannis Tsarouchis Foundation\",\"url\":\"http:\/\/tsarouchis.gr\/fr\/\",\"sameAs\":[\"https:\/\/www.facebook.com\/YannisTsarouchisFoundation\/\",\"https:\/\/en.wikipedia.org\/wiki\/Yannis_Tsarouchis\"],\"logo\":{\"@type\":\"ImageObject\",\"@id\":\"http:\/\/tsarouchis.gr\/fr\/#logo\",\"inLanguage\":\"fr-FR\",\"url\":\"https:\/\/tsarouchis.gr\/wp-content\/uploads\/2019\/07\/LogoW_Large.png\",\"width\":290,\"height\":285,\"caption\":\"Yannis Tsarouchis Foundation\"},\"image\":{\"@id\":\"http:\/\/tsarouchis.gr\/fr\/#logo\"}},{\"@type\":\"WebSite\",\"@id\":\"http:\/\/tsarouchis.gr\/fr\/#website\",\"url\":\"http:\/\/tsarouchis.gr\/fr\/\",\"name\":\"Yannis Tsarouchis Foundation\",\"description\":\"Official web site of Tsarouchis foundation. Museum - Exhibitions - Shop - Information\",\"publisher\":{\"@id\":\"http:\/\/tsarouchis.gr\/fr\/#organization\"},\"potentialAction\":[{\"@type\":\"SearchAction\",\"target\":\"http:\/\/tsarouchis.gr\/fr\/?s={search_term_string}\",\"query-input\":\"required name=search_term_string\"}],\"inLanguage\":\"fr-FR\"},{\"@type\":\"WebPage\",\"@id\":\"https:\/\/tsarouchis.gr\/foundation\/#webpage\",\"url\":\"https:\/\/tsarouchis.gr\/foundation\/\",\"name\":\"FOUNDATION - Yannis Tsarouchis Foundation\",\"isPartOf\":{\"@id\":\"http:\/\/tsarouchis.gr\/fr\/#website\"},\"datePublished\":\"2019-07-25T20:06:49+00:00\",\"dateModified\":\"2021-01-03T00:02:33+00:00\",\"description\":\"The Yannis Tsarouchis Foundation was created in 1981.......\",\"inLanguage\":\"fr-FR\",\"potentialAction\":[{\"@type\":\"ReadAction\",\"target\":[\"https:\/\/tsarouchis.gr\/foundation\/\"]}]}]}<\/script>\n<!-- \/ Yoast SEO Premium plugin. -->","_links":{"self":[{"href":"http:\/\/tsarouchis.gr\/fr\/wp-json\/wp\/v2\/pages\/248","targetHints":{"allow":["GET"]}}],"collection":[{"href":"http:\/\/tsarouchis.gr\/fr\/wp-json\/wp\/v2\/pages"}],"about":[{"href":"http:\/\/tsarouchis.gr\/fr\/wp-json\/wp\/v2\/types\/page"}],"author":[{"embeddable":true,"href":"http:\/\/tsarouchis.gr\/fr\/wp-json\/wp\/v2\/users\/1"}],"replies":[{"embeddable":true,"href":"http:\/\/tsarouchis.gr\/fr\/wp-json\/wp\/v2\/comments?post=248"}],"version-history":[{"count":14,"href":"http:\/\/tsarouchis.gr\/fr\/wp-json\/wp\/v2\/pages\/248\/revisions"}],"predecessor-version":[{"id":2027,"href":"http:\/\/tsarouchis.gr\/fr\/wp-json\/wp\/v2\/pages\/248\/revisions\/2027"}],"wp:attachment":[{"href":"http:\/\/tsarouchis.gr\/fr\/wp-json\/wp\/v2\/media?parent=248"}],"wp:term":[{"taxonomy":"yst_prominent_words","embeddable":true,"href":"http:\/\/tsarouchis.gr\/fr\/wp-json\/wp\/v2\/yst_prominent_words?post=248"}],"curies":[{"name":"wp","href":"https:\/\/api.w.org\/{rel}","templated":true}]}}